{"id":7058,"date":"2020-01-29T18:53:53","date_gmt":"2020-01-29T17:53:53","guid":{"rendered":"http:\/\/www.e-works.fr\/blog\/?page_id=7058"},"modified":"2025-09-10T13:50:44","modified_gmt":"2025-09-10T13:50:44","slug":"lille","status":"publish","type":"page","link":"https:\/\/www.e-works.fr\/blog\/lille\/","title":{"rendered":"Le digital &#038; e-commerce \u00e0 Lille et dans les Hauts-de-France"},"content":{"rendered":"<p><img decoding=\"async\" class=\"aligncenter wp-image-7183 size-full\" src=\"http:\/\/sc2masm2294.universe.wf\/blog\/wp-content\/uploads\/2020\/01\/Lille-Page-Emploi.jpg\" alt=\"Lille-E-Works-Page-Emploi-Digital\" width=\"1200\" height=\"600\" srcset=\"https:\/\/www.e-works.fr\/blog\/wp-content\/uploads\/2020\/01\/Lille-Page-Emploi.jpg 1200w, https:\/\/www.e-works.fr\/blog\/wp-content\/uploads\/2020\/01\/Lille-Page-Emploi-300x150.jpg 300w, https:\/\/www.e-works.fr\/blog\/wp-content\/uploads\/2020\/01\/Lille-Page-Emploi-1024x512.jpg 1024w, https:\/\/www.e-works.fr\/blog\/wp-content\/uploads\/2020\/01\/Lille-Page-Emploi-768x384.jpg 768w\" sizes=\"(max-width: 1200px) 100vw, 1200px\" \/><\/p>\n<p><span style=\"font-weight: 400;\">Ville des Hauts-de-France avec 232 440 habitants au dernier recensement de 2016, Lille est la principale commune de la M\u00e9tropole europ\u00e9enne de Lille, qui rassemble Roubaix, Tourcoing et Villeneuve-d&rsquo;Ascq et 86 autres communes. Au-del\u00e0 de son centre commercial Euralille et de sa Braderie de Lille qui attire jusqu\u2019\u00e0 trois millions de visiteurs chaque ann\u00e9e, la ville tient sa force de son p\u00f4le \u00e9tudiant et universitaire qui est le 3\u00e8me derri\u00e8re Paris et Lyon. Fort de son tourisme, Lille poss\u00e8de de nombreux points d\u2019int\u00e9r\u00eats comme :<\/span><\/p>\n<p><span style=\"font-weight: 400;\">&#8211; Le Vieux-Lille (et la Rue de la Clef),<br \/>\n<\/span><span style=\"font-weight: 400;\">&#8211; La Vieille Bourse,<br \/>\n<\/span><span style=\"font-weight: 400;\">&#8211; Place du G\u00e9n\u00e9ral-de-Gaulle,<br \/>\n<\/span><span style=\"font-weight: 400;\">&#8211; La Cath\u00e9drale Notre-Dame-de-la-Treille,<br \/>\n<\/span><span style=\"font-weight: 400;\">&#8211; La sculpture des tulipes de Shangri-La ,<br \/>\n<\/span><span style=\"font-weight: 400;\">&#8211; La place Rihour,<br \/>\n<\/span><span style=\"font-weight: 400;\">&#8211; La porte de Paris avec le beffroi de Lille<\/span><\/p>\n<p><span style=\"font-weight: 400;\">Le dynamisme de la M\u00e9tropole de Lille rassure le march\u00e9 et am\u00e9liore son attractivit\u00e9 partout en France \u00e0 l\u2019image des 10\u202f660 entreprises cr\u00e9\u00e9es dans la m\u00e9tropole en 2017 (+11% par rapport \u00e0 2016). C\u00f4t\u00e9 emploi, d\u2019apr\u00e8s l\u2019Observatoire Partenarial de l\u2019\u00c9conomie de Lille, la M\u00e9tropole Lilloise recense 412\u202f450 salari\u00e9s priv\u00e9s au 1er trimestre 2018 et 33\u202f494 salari\u00e9s au sein d\u2019\u00e9tablissements artisanaux aux 1er janvier 2018.<\/span><\/p>\n<h2><span style=\"font-weight: 400;\">Lille, acteur majeur du digital fran\u00e7ais et labellis\u00e9e Capital French Tech<\/span><\/h2>\n<p><span style=\"font-weight: 400;\">En ce qui concerne la dimension digital, Lille profite de sa position g\u00e9ographique privil\u00e9gi\u00e9e au c\u0153ur de l\u2019Europe entre Paris, Londres, Bruxelles et Amsterdam qui renforce son label de \u201cCapital French Tech\u201d. La m\u00e9tropole lilloise s\u2019appuie notamment sur ses sites embl\u00e9matiques comme le grand incubateur EuraTechnologies, La Plaine Images ou encore la Serre Num\u00e9rique, mais \u00e9galement sur certains acteurs qui deviennent des leaders mondiaux dans leur activit\u00e9 \u00e0 l\u2019image des records de lev\u00e9es de fonds en 2017 avec plus de 2,5 milliards d\u2019euros.<\/span><\/p>\n<p><span style=\"font-weight: 400;\">La communaut\u00e9 digitale lilloise est tr\u00e8s active avec ces 13 m\u00e9tropoles French Tech et 22 hubs sur l\u2019international : \u00e0 la date du 06 janvier 2020, le site emploi Indeed, qui fait \u00e9galement office de moteur de recherche d\u2019annonces, listait 1239 offres d\u2019emploi sur le mot cl\u00e9 \u201cdigital\u201d situ\u00e9 dans la ville de Lille. Si on regarde du c\u00f4t\u00e9 de LinkedIn, en consultant le nombre de membres inscrits, c\u2019est 16\u202f416 professionnels bas\u00e9s \u00e0 Lille et qui font une mention du terme \u201cdigital\u201d sur leur profil en ligne. Lille est une ville qui ne cesse de cro\u00eetre sur l\u2019\u00e9chelle du num\u00e9rique fran\u00e7ais.<\/span><\/p>\n<p><img decoding=\"async\" class=\"aligncenter wp-image-7192 size-large\" src=\"http:\/\/sc2masm2294.universe.wf\/blog\/wp-content\/uploads\/2020\/01\/FRENCHTECH_LILLE-1024x305.png\" alt=\"FrenchTech-Lille\" width=\"1024\" height=\"305\" srcset=\"https:\/\/www.e-works.fr\/blog\/wp-content\/uploads\/2020\/01\/FRENCHTECH_LILLE-1024x305.png 1024w, https:\/\/www.e-works.fr\/blog\/wp-content\/uploads\/2020\/01\/FRENCHTECH_LILLE-300x89.png 300w, https:\/\/www.e-works.fr\/blog\/wp-content\/uploads\/2020\/01\/FRENCHTECH_LILLE-768x228.png 768w, https:\/\/www.e-works.fr\/blog\/wp-content\/uploads\/2020\/01\/FRENCHTECH_LILLE-1536x457.png 1536w, https:\/\/www.e-works.fr\/blog\/wp-content\/uploads\/2020\/01\/FRENCHTECH_LILLE-1568x466.png 1568w, https:\/\/www.e-works.fr\/blog\/wp-content\/uploads\/2020\/01\/FRENCHTECH_LILLE.png 1893w\" sizes=\"(max-width: 1024px) 100vw, 1024px\" \/><\/p>\n<h2><span style=\"font-weight: 400;\">Les entreprises du num\u00e9rique \u00e0 Lille et en r\u00e9gion Hauts-de-France\u00a0<\/span><\/h2>\n<p><span style=\"font-weight: 400;\">Pour d\u00e9terminer ce que repr\u00e9sente r\u00e9ellement Lille dans l\u2019\u00e9conomie digitale en France, il est pertinent d\u2019analyser les entreprises en lien direct avec l\u2019industrie du num\u00e9rique.<\/span><\/p>\n<p><span style=\"font-weight: 400;\">Dans un premier temps, sur E-Works, portail d\u00e9di\u00e9 \u00e0 l\u2019emploi digital, il existe pr\u00e8s de 175 entreprises inscrites et dont le si\u00e8ge social est situ\u00e9 \u00e0 Lille. La ville a \u00e9galement d\u00e9velopp\u00e9 Euratechnologies, un \u00e9cosyst\u00e8me tech de 80 000m\u00b2 avec 300 entreprises, et un acc\u00e9l\u00e9rateur de business avec 100 projets incub\u00e9s et 50 startups acc\u00e9l\u00e9r\u00e9es chaque ann\u00e9e.<\/span><\/p>\n<p><span style=\"font-weight: 400;\">Il existe diff\u00e9rent type d\u2019entreprise dans le num\u00e9rique lillois :<\/span><\/p>\n<p><span style=\"font-weight: 400;\">&#8211; des agences de communication digitale : Dity, Nikita, Les Enchanteurs, La Confection, Kayak Communication, Faucon Marketing, Buzz Creativ&#8230;<br \/>\n<\/span>&#8211; des agences de cr\u00e9ation de site web : Webagencelille.com, Com &amp; Design, Spritz, Linkeo, Neoweb, Alteo &#8230;<br \/>\n<span style=\"font-weight: 400;\">&#8211; des agences sp\u00e9cialis\u00e9es en SEO \/ SEA : 14h28, Agence 90, 1\u00e8re Position, Amalgame, Facemweb&#8230;<br \/>\n<\/span><span style=\"font-weight: 400;\">&#8211; des \u00e9diteurs de logiciels en mode SaaS : OVH, Axellience, Archimed, Vekia&#8230;<br \/>\n<\/span><span style=\"font-weight: 400;\">&#8211; des agences et entreprises sp\u00e9cialis\u00e9es en e-commerce : Ineat, Studio Gonzo, Keblow, Lemon Interactive &#8230;<\/span><\/p>\n<div align=\"center\"><a class=\"btn_postuler\" href=\"https:\/\/www.e-works.fr\/annonce\/rechercher?text=&amp;order=&amp;pays=1&amp;reg=17&amp;utm_source=e-works&amp;utm_campaign=city_post&amp;utm_medium=cta_button_all_offers\" rel=\"nofollow\">Voir les offres d\u2019emploi \u00e0 Lille et Hauts-de-France<\/a><\/div>\n<div align=\"center\"><\/div>\n<h3><span style=\"font-weight: 400;\">Les entreprises qui recrutent<\/span><\/h3>\n<p><img decoding=\"async\" class=\"aligncenter wp-image-7204 size-large\" src=\"https:\/\/www.e-works.fr\/blog\/wp-content\/uploads\/2020\/01\/Recrutement_Nume\u0301rique_Hauts-de-France-1024x512.jpg\" alt=\"Recrutement_Nume\u0301rique_Hauts-de-France\" width=\"1024\" height=\"512\" \/><\/p>\n<p><span style=\"font-weight: 400;\">En analysant les entreprises qui recrutent dans le digital sur Lille, on retrouve aussi bien des grands groupes fran\u00e7ais ayant des bureaux dans la r\u00e9gion, comme des entreprises lilloise. Parmi ces entreprises, on retrouve Auchan, D\u00e9cathlon, Leroy Merlin, Castorama, Toyota, Boulanger, La Redoute ou encore OKAIDI.<\/span><\/p>\n<p><span style=\"font-weight: 400;\">Voici une liste non exhaustive des entreprises lilloises dans l\u2019\u00e9cosyst\u00e8me du digital, du webmarketing et du e-commerce :<\/span><\/p>\n<p><span style=\"font-weight: 400;\">&#8211; Ankama, le groupe ind\u00e9pendant de cr\u00e9ation num\u00e9rique et de jeux-vid\u00e9os,<br \/>\n<\/span><span style=\"font-weight: 400;\">&#8211; Groupe Rubika, trois \u00e9coles sp\u00e9cialis\u00e9es dans la cr\u00e9ation num\u00e9rique : ISD Rubika, Supinfocom Rubika et Supinfogame Rubika,<br \/>\n<\/span><span style=\"font-weight: 400;\">&#8211; OVHcloud, sp\u00e9cialis\u00e9e dans les services de cloud computing,<br \/>\n<\/span><span style=\"font-weight: 400;\">&#8211; Ineat, sp\u00e9cialis\u00e9e dans la transformation et la mise en place de solutions digitales,<br \/>\n<\/span><span style=\"font-weight: 400;\">&#8211; Vekia, solution bas\u00e9e sur l\u2019IA pour optimiser le r\u00e9approvisionnement des stocks,<br \/>\n<\/span><span style=\"font-weight: 400;\">&#8211; Frizbiz, plateforme sp\u00e9cialiste du jobbing, site de services entre particuliers,<br \/>\n<\/span><span style=\"font-weight: 400;\">&#8211; Lecomparateurassurance.com, le 1er site comparateur d\u2019assurance web-to-store,<br \/>\n<\/span><span style=\"font-weight: 400;\">&#8211; Adictiz, plateforme de cr\u00e9ation de jeux en point de vente 100% personnalisables,<br \/>\n<\/span><span style=\"font-weight: 400;\">&#8211; Adspring, agence marketing digital sp\u00e9cialis\u00e9e en SEA,<br \/>\n<\/span><span style=\"font-weight: 400;\">&#8211; OKA\u00cfDI, site e-commerce de v\u00eatements pour enfants de 0 \u00e0 14 ans,<br \/>\n<\/span><span style=\"font-weight: 400;\">&#8211; Monabanq, banque en ligne,<br \/>\n<\/span><span style=\"font-weight: 400;\">&#8211; Cliqeo, l\u2019agence digitale, sp\u00e9cialis\u00e9e en r\u00e9f\u00e9rencement SEO &amp; SEA,<br \/>\n<\/span><span style=\"font-weight: 400;\">&#8211; Euranov, cabinet de conseil en transformation digitale sp\u00e9cialiste Salesforce,<br \/>\n<\/span><span style=\"font-weight: 400;\">&#8211; Picomto, solution d&rsquo;instructions de travail digitales \u00e0 destination de l&rsquo;industrie 4.0,<br \/>\n<\/span><span style=\"font-weight: 400;\">&#8211; Com&rsquo; des Enfants, agence en communication et strat\u00e9gie marketing,<br \/>\n<\/span><span style=\"font-weight: 400;\">&#8211; Zodio, site e-commerce sp\u00e9cialis\u00e9 dans la d\u00e9coration cr\u00e9ative de la maison,<br \/>\n<\/span><span style=\"font-weight: 400;\">&#8211; Zokko, site e-commerce sp\u00e9cialis\u00e9e dans les coques de t\u00e9l\u00e9phone personnalisables.<\/span><\/p>\n<p><span style=\"font-weight: 400;\">Nous pouvons constater que Lille profite d\u2019une vari\u00e9t\u00e9 d\u2019entreprise couvrant toutes les sp\u00e9cialit\u00e9s du digital. Les candidats \u00e0 la recherche d\u2019emploi ont l\u2019embarras du choix pour rejoindre une entreprise lilloise qui correspond \u00e0 leurs envies.<\/span><\/p>\n<h3><span style=\"font-weight: 400;\">Les cabinets de recrutement dans le digital<\/span><\/h3>\n<p><span style=\"font-weight: 400;\">Comme toute grande ville, Lille dispose d\u2019un march\u00e9 du recrutement dynamique et tr\u00e8s concurrentiel, qui a donn\u00e9 naissance \u00e0 de nombreux cabinets de recrutement, chasseurs de t\u00eate et autres acteurs sp\u00e9cialis\u00e9s dans le sourcing de talents du digital. Nous pouvons distinguer quelques acteurs bien ancr\u00e9s dans la r\u00e9gion Hauts-de-France comme :<\/span><\/p>\n<p><span style=\"font-weight: 400;\">&#8211; Kalyptus : cabinet de recrutement et chasseurs de t\u00eates dans les m\u00e9tiers de l\u2019informatique, du digital et de l\u2019industrie<br \/>\n<\/span><span style=\"font-weight: 400;\">&#8211; Selescope : cabinet de recrutement sp\u00e9cialis\u00e9 dans l&#8217;emploi des cadres, commerciaux et ing\u00e9nieur d&rsquo;affaire avec des bureaux \u00e0 Lille<br \/>\n<\/span><span style=\"font-weight: 400;\">&#8211; Keylink : cabinet de recrutement, sourcing et chasseurs de t\u00eate avec des p\u00f4les sp\u00e9cialis\u00e9s IT\/digital<br \/>\n<\/span><span style=\"font-weight: 400;\">&#8211; RH Partners : cabinet de conseil en RH sp\u00e9cialis\u00e9 dans la transformation digitale<br \/>\n<\/span><span style=\"font-weight: 400;\">&#8211; Michael Page : cabinet de conseil en recrutement de cadres disposant de bureaux \u00e0 Lille.<\/span><\/p>\n<p><span style=\"font-weight: 400;\">Sans oublier les nombreux autres cabinets situ\u00e9s \u00e0 Paris qui recrutent de nombreux consultants partout en France, dont en r\u00e9gion Hauts-de-France : PwC, Ageelink, Open Linking, Alta\u00efde, Skillink, Clementine&#8230;<\/span><\/p>\n<h2><span style=\"font-weight: 400;\">Les \u00e9v\u00e9nements du num\u00e9rique lillois<\/span><\/h2>\n<p><span style=\"font-weight: 400;\">Lille, forte de sa communaut\u00e9 num\u00e9rique fran\u00e7aise, conna\u00eet \u00e9galement de nombreux salons professionnels, \u00e9v\u00e9nements B2B et rendez-vous autour du th\u00e8me du digital. Si nous devions lister les moments forts pour les professionnels du web \u00e0 Lille, nous pourrions citer :<\/span><\/p>\n<p><span style=\"font-weight: 400;\">&#8211; Le SEO Camp Day le 24 janvier 2020 \u00e0 Euratechnologies;<br \/>\n<\/span><span style=\"font-weight: 400;\">&#8211; Le FD Tour 2020 by France Digitale le 4 f\u00e9vrier 2020 \u00e0 Lille;<br \/>\n<\/span><span style=\"font-weight: 400;\">&#8211; Le Wex Day (ex Nord Conversion Day) le 31 mars 2020 au CCI de Lille;<br \/>\n<\/span><span style=\"font-weight: 400;\">&#8211; Le PHP Tour 2020 le 15 mai 2020 \u00e0 Euratechnologies;<br \/>\n<\/span><span style=\"font-weight: 400;\">&#8211; Le DevFest, le 12 juin 2020 au Kinepolis Lomme.<\/span><\/p>\n<p><center><img decoding=\"async\" class=\"aligncenter wp-image-7199 size-full\" src=\"http:\/\/sc2masm2294.universe.wf\/blog\/wp-content\/uploads\/2020\/01\/Euratechnologies_Lille.png\" alt=\"Euratechnologies_Lille\" width=\"510\" height=\"280\" srcset=\"https:\/\/www.e-works.fr\/blog\/wp-content\/uploads\/2020\/01\/Euratechnologies_Lille.png 510w, https:\/\/www.e-works.fr\/blog\/wp-content\/uploads\/2020\/01\/Euratechnologies_Lille-300x165.png 300w\" sizes=\"(max-width: 510px) 100vw, 510px\" \/><\/center><\/p>\n<h2><span style=\"font-weight: 400;\">Les \u00e9coles et organismes de formation au num\u00e9rique de la r\u00e9gion Hauts-de-France<\/span><\/h2>\n<p><span style=\"font-weight: 400;\">La formation au num\u00e9rique est \u00e9galement mise \u00e0 l\u2019honneur au sein de Lille notamment avec son <\/span><span style=\"font-weight: 400;\">p\u00f4le \u00e9tudiant et universitaire<\/span><span style=\"font-weight: 400;\">. Que ce soit en cursus scolaire classique par l\u2019interm\u00e9diaire d\u2019une licence ou d\u2019un master sp\u00e9cialis\u00e9 en digital, dans l\u2019une des nombreuses \u00e9coles de la r\u00e9gion, ou encore dans le cadre d\u2019une formation intra et inter-entreprise, les solutions sont nombreuses pour se former et monter en comp\u00e9tences.<\/span><\/p>\n<p><span style=\"font-weight: 400;\">Nous recensons de nombreux acteurs de l\u2019enseignement et la formation comme :<\/span><\/p>\n<p><span style=\"font-weight: 400;\">&#8211; l\u2019Eurateach, centre de formation WEB situ\u00e9 2 All\u00e9e de la Haye du Temple,<br \/>\n<\/span><span style=\"font-weight: 400;\">&#8211; l\u2019EFAP avec son MBA Digital, Marketing &amp; Business \u00e0 EuraTechnologies,<br \/>\n<\/span><span style=\"font-weight: 400;\">&#8211; l&rsquo;Efficom Digital School Lille en plein centre-ville, face au Mus\u00e9e des Beaux-Arts,<br \/>\n<\/span><span style=\"font-weight: 400;\">&#8211; l\u2019ISEG Lille situ\u00e9 10-12 Rue du Bas Jardin,<br \/>\n<\/span><span style=\"font-weight: 400;\">&#8211; WebForce 3 Lille, l\u2019\u00e9cole sp\u00e9cialis\u00e9e en d\u00e9veloppement web,<br \/>\n<\/span><span style=\"font-weight: 400;\">&#8211; l\u2019IAE de Lille avec son Master Marketing Direct et Digital,<br \/>\n<\/span><span style=\"font-weight: 400;\">&#8211; l\u2019Inseec et ses formations au digital sur le campus de Lille,<br \/>\n<\/span><span style=\"font-weight: 400;\">&#8211; l\u2019EDHEC Business School et son Bachelor Online Marketing Digital &amp; Innovation,<br \/>\n<\/span><span style=\"font-weight: 400;\">&#8211; l\u2019\u00e9cole MyDigitalSchool.<\/span><\/p>\n<p><span style=\"font-weight: 400;\">De plus en plus de formations comme les bachelors et masters sp\u00e9cialis\u00e9s sont propos\u00e9s avec de l\u2019alternance car les lillois sont pour beaucoup \u00e0 la recherche d\u2019une formation professionnalisante.<\/span><\/p>\n<h2><span style=\"font-weight: 400;\">D\u00e9couvrez les offres d\u2019emploi (CDI \/ CDD \/ Freelance) mais \u00e9galement de stage et d\u2019alternance \u00e0 Lille<\/span><\/h2>\n<div align=\"center\"><a class=\"btn_postuler\" href=\"https:\/\/www.e-works.fr\/annonce\/rechercher?text=&amp;order=&amp;pays=1&amp;reg=17&amp;utm_source=e-works&amp;utm_campaign=city_post&amp;utm_medium=cta_button_all_offers\" rel=\"nofollow\">Voir les offres d\u2019emploi \u00e0 Lille et Hauts-de-France<\/a><\/div>\n<div align=\"center\"><\/div>\n<h2><span style=\"font-weight: 400;\">Vous recrutez des talents du num\u00e9rique \u00e0 Lille et en\u00a0Hauts-de-France ?<\/span><\/h2>\n<div align=\"center\"><a class=\"btn_postuler\" href=\"https:\/\/www.e-works.fr\/annonce\/create_ajax?utm_source=e-works&amp;utm_campaign=city_post&amp;utm_medium=cta_button_all_offers\" rel=\"nofollow\">D\u00e9posez une annonce gratuitement sur E-Works<\/a><\/div>\n","protected":false},"excerpt":{"rendered":"<p>Ville des Hauts-de-France avec 232 440 habitants au dernier recensement de 2016, Lille est la principale commune de la M\u00e9tropole europ\u00e9enne de Lille, qui rassemble<\/p>\n","protected":false},"author":1,"featured_media":7183,"parent":0,"menu_order":0,"comment_status":"closed","ping_status":"closed","template":"","meta":{"footnotes":""},"class_list":["post-7058","page","type-page","status-publish","has-post-thumbnail","hentry"],"yoast_head":"<!-- This site is optimized with the Yoast SEO plugin v27.5 - https:\/\/yoast.com\/product\/yoast-seo-wordpress\/ -->\n<title>Le digital &amp; e-commerce \u00e0 Lille et dans les Hauts-de-France - Blog E-Works<\/title>\n<meta name=\"robots\" content=\"index, follow, max-snippet:-1, max-image-preview:large, max-video-preview:-1\" \/>\n<link rel=\"canonical\" href=\"https:\/\/www.e-works.fr\/blog\/lille\/\" \/>\n<meta property=\"og:locale\" content=\"fr_FR\" \/>\n<meta property=\"og:type\" content=\"article\" \/>\n<meta property=\"og:title\" content=\"Le digital &amp; e-commerce \u00e0 Lille et dans les Hauts-de-France - Blog E-Works\" \/>\n<meta property=\"og:description\" content=\"Ville des Hauts-de-France avec 232 440 habitants au dernier recensement de 2016, Lille est la principale commune de la M\u00e9tropole europ\u00e9enne de Lille, qui rassemble\" \/>\n<meta property=\"og:url\" content=\"https:\/\/www.e-works.fr\/blog\/lille\/\" \/>\n<meta property=\"og:site_name\" content=\"Blog E-Works\" \/>\n<meta property=\"article:modified_time\" content=\"2025-09-10T13:50:44+00:00\" \/>\n<meta property=\"og:image\" content=\"https:\/\/www.e-works.fr\/blog\/wp-content\/uploads\/2020\/01\/Lille-Page-Emploi.jpg\" \/>\n\t<meta property=\"og:image:width\" content=\"1200\" \/>\n\t<meta property=\"og:image:height\" content=\"600\" \/>\n\t<meta property=\"og:image:type\" content=\"image\/jpeg\" \/>\n<meta name=\"twitter:card\" content=\"summary_large_image\" \/>\n<meta name=\"twitter:label1\" content=\"Dur\u00e9e de lecture estim\u00e9e\" \/>\n\t<meta name=\"twitter:data1\" content=\"8 minutes\" \/>\n<script type=\"application\/ld+json\" class=\"yoast-schema-graph\">{\"@context\":\"https:\\\/\\\/schema.org\",\"@graph\":[{\"@type\":\"WebPage\",\"@id\":\"https:\\\/\\\/www.e-works.fr\\\/blog\\\/lille\\\/\",\"url\":\"https:\\\/\\\/www.e-works.fr\\\/blog\\\/lille\\\/\",\"name\":\"Le digital & e-commerce \u00e0 Lille et dans les Hauts-de-France - Blog E-Works\",\"isPartOf\":{\"@id\":\"https:\\\/\\\/www.e-works.fr\\\/blog\\\/#website\"},\"primaryImageOfPage\":{\"@id\":\"https:\\\/\\\/www.e-works.fr\\\/blog\\\/lille\\\/#primaryimage\"},\"image\":{\"@id\":\"https:\\\/\\\/www.e-works.fr\\\/blog\\\/lille\\\/#primaryimage\"},\"thumbnailUrl\":\"https:\\\/\\\/www.e-works.fr\\\/blog\\\/wp-content\\\/uploads\\\/2020\\\/01\\\/Lille-Page-Emploi.jpg\",\"datePublished\":\"2020-01-29T17:53:53+00:00\",\"dateModified\":\"2025-09-10T13:50:44+00:00\",\"breadcrumb\":{\"@id\":\"https:\\\/\\\/www.e-works.fr\\\/blog\\\/lille\\\/#breadcrumb\"},\"inLanguage\":\"fr-FR\",\"potentialAction\":[{\"@type\":\"ReadAction\",\"target\":[\"https:\\\/\\\/www.e-works.fr\\\/blog\\\/lille\\\/\"]}]},{\"@type\":\"ImageObject\",\"inLanguage\":\"fr-FR\",\"@id\":\"https:\\\/\\\/www.e-works.fr\\\/blog\\\/lille\\\/#primaryimage\",\"url\":\"https:\\\/\\\/www.e-works.fr\\\/blog\\\/wp-content\\\/uploads\\\/2020\\\/01\\\/Lille-Page-Emploi.jpg\",\"contentUrl\":\"https:\\\/\\\/www.e-works.fr\\\/blog\\\/wp-content\\\/uploads\\\/2020\\\/01\\\/Lille-Page-Emploi.jpg\",\"width\":1200,\"height\":600,\"caption\":\"Lille-E-Works-Page-Emploi-Digital\"},{\"@type\":\"BreadcrumbList\",\"@id\":\"https:\\\/\\\/www.e-works.fr\\\/blog\\\/lille\\\/#breadcrumb\",\"itemListElement\":[{\"@type\":\"ListItem\",\"position\":1,\"name\":\"Accueil\",\"item\":\"https:\\\/\\\/www.e-works.fr\\\/blog\\\/\"},{\"@type\":\"ListItem\",\"position\":2,\"name\":\"Le digital &#038; e-commerce \u00e0 Lille et dans les Hauts-de-France\"}]},{\"@type\":\"WebSite\",\"@id\":\"https:\\\/\\\/www.e-works.fr\\\/blog\\\/#website\",\"url\":\"https:\\\/\\\/www.e-works.fr\\\/blog\\\/\",\"name\":\"Blog E-Works\",\"description\":\"Emploi dans le Webmarketing et le e-Commerce\",\"potentialAction\":[{\"@type\":\"SearchAction\",\"target\":{\"@type\":\"EntryPoint\",\"urlTemplate\":\"https:\\\/\\\/www.e-works.fr\\\/blog\\\/?s={search_term_string}\"},\"query-input\":{\"@type\":\"PropertyValueSpecification\",\"valueRequired\":true,\"valueName\":\"search_term_string\"}}],\"inLanguage\":\"fr-FR\"}]}<\/script>\n<!-- \/ Yoast SEO plugin. -->","yoast_head_json":{"title":"Le digital & e-commerce \u00e0 Lille et dans les Hauts-de-France - Blog E-Works","robots":{"index":"index","follow":"follow","max-snippet":"max-snippet:-1","max-image-preview":"max-image-preview:large","max-video-preview":"max-video-preview:-1"},"canonical":"https:\/\/www.e-works.fr\/blog\/lille\/","og_locale":"fr_FR","og_type":"article","og_title":"Le digital & e-commerce \u00e0 Lille et dans les Hauts-de-France - Blog E-Works","og_description":"Ville des Hauts-de-France avec 232 440 habitants au dernier recensement de 2016, Lille est la principale commune de la M\u00e9tropole europ\u00e9enne de Lille, qui rassemble","og_url":"https:\/\/www.e-works.fr\/blog\/lille\/","og_site_name":"Blog E-Works","article_modified_time":"2025-09-10T13:50:44+00:00","og_image":[{"width":1200,"height":600,"url":"https:\/\/www.e-works.fr\/blog\/wp-content\/uploads\/2020\/01\/Lille-Page-Emploi.jpg","type":"image\/jpeg"}],"twitter_card":"summary_large_image","twitter_misc":{"Dur\u00e9e de lecture estim\u00e9e":"8 minutes"},"schema":{"@context":"https:\/\/schema.org","@graph":[{"@type":"WebPage","@id":"https:\/\/www.e-works.fr\/blog\/lille\/","url":"https:\/\/www.e-works.fr\/blog\/lille\/","name":"Le digital & e-commerce \u00e0 Lille et dans les Hauts-de-France - Blog E-Works","isPartOf":{"@id":"https:\/\/www.e-works.fr\/blog\/#website"},"primaryImageOfPage":{"@id":"https:\/\/www.e-works.fr\/blog\/lille\/#primaryimage"},"image":{"@id":"https:\/\/www.e-works.fr\/blog\/lille\/#primaryimage"},"thumbnailUrl":"https:\/\/www.e-works.fr\/blog\/wp-content\/uploads\/2020\/01\/Lille-Page-Emploi.jpg","datePublished":"2020-01-29T17:53:53+00:00","dateModified":"2025-09-10T13:50:44+00:00","breadcrumb":{"@id":"https:\/\/www.e-works.fr\/blog\/lille\/#breadcrumb"},"inLanguage":"fr-FR","potentialAction":[{"@type":"ReadAction","target":["https:\/\/www.e-works.fr\/blog\/lille\/"]}]},{"@type":"ImageObject","inLanguage":"fr-FR","@id":"https:\/\/www.e-works.fr\/blog\/lille\/#primaryimage","url":"https:\/\/www.e-works.fr\/blog\/wp-content\/uploads\/2020\/01\/Lille-Page-Emploi.jpg","contentUrl":"https:\/\/www.e-works.fr\/blog\/wp-content\/uploads\/2020\/01\/Lille-Page-Emploi.jpg","width":1200,"height":600,"caption":"Lille-E-Works-Page-Emploi-Digital"},{"@type":"BreadcrumbList","@id":"https:\/\/www.e-works.fr\/blog\/lille\/#breadcrumb","itemListElement":[{"@type":"ListItem","position":1,"name":"Accueil","item":"https:\/\/www.e-works.fr\/blog\/"},{"@type":"ListItem","position":2,"name":"Le digital &#038; e-commerce \u00e0 Lille et dans les Hauts-de-France"}]},{"@type":"WebSite","@id":"https:\/\/www.e-works.fr\/blog\/#website","url":"https:\/\/www.e-works.fr\/blog\/","name":"Blog E-Works","description":"Emploi dans le Webmarketing et le e-Commerce","potentialAction":[{"@type":"SearchAction","target":{"@type":"EntryPoint","urlTemplate":"https:\/\/www.e-works.fr\/blog\/?s={search_term_string}"},"query-input":{"@type":"PropertyValueSpecification","valueRequired":true,"valueName":"search_term_string"}}],"inLanguage":"fr-FR"}]}},"_links":{"self":[{"href":"https:\/\/www.e-works.fr\/blog\/wp-json\/wp\/v2\/pages\/7058","targetHints":{"allow":["GET"]}}],"collection":[{"href":"https:\/\/www.e-works.fr\/blog\/wp-json\/wp\/v2\/pages"}],"about":[{"href":"https:\/\/www.e-works.fr\/blog\/wp-json\/wp\/v2\/types\/page"}],"author":[{"embeddable":true,"href":"https:\/\/www.e-works.fr\/blog\/wp-json\/wp\/v2\/users\/1"}],"replies":[{"embeddable":true,"href":"https:\/\/www.e-works.fr\/blog\/wp-json\/wp\/v2\/comments?post=7058"}],"version-history":[{"count":1,"href":"https:\/\/www.e-works.fr\/blog\/wp-json\/wp\/v2\/pages\/7058\/revisions"}],"predecessor-version":[{"id":13583,"href":"https:\/\/www.e-works.fr\/blog\/wp-json\/wp\/v2\/pages\/7058\/revisions\/13583"}],"wp:featuredmedia":[{"embeddable":true,"href":"https:\/\/www.e-works.fr\/blog\/wp-json\/wp\/v2\/media\/7183"}],"wp:attachment":[{"href":"https:\/\/www.e-works.fr\/blog\/wp-json\/wp\/v2\/media?parent=7058"}],"curies":[{"name":"wp","href":"https:\/\/api.w.org\/{rel}","templated":true}]}}