{"id":7096,"date":"2020-01-29T18:59:43","date_gmt":"2020-01-29T17:59:43","guid":{"rendered":"http:\/\/www.e-works.fr\/blog\/?page_id=7096"},"modified":"2025-09-10T13:50:37","modified_gmt":"2025-09-10T13:50:37","slug":"marseille","status":"publish","type":"page","link":"https:\/\/www.e-works.fr\/blog\/marseille\/","title":{"rendered":"Le digital &#038; e-commerce \u00e0 Marseille et en r\u00e9gion Provence-Alpes-C\u00f4te d\u2019Azur"},"content":{"rendered":"<p><img decoding=\"async\" class=\"aligncenter wp-image-7185 size-full\" src=\"http:\/\/sc2masm2294.universe.wf\/blog\/wp-content\/uploads\/2020\/01\/Marseille-Page-Emploi.jpg\" alt=\"Marseille-E-Works-Page-Emploi-Digital\" width=\"1200\" height=\"600\" srcset=\"https:\/\/www.e-works.fr\/blog\/wp-content\/uploads\/2020\/01\/Marseille-Page-Emploi.jpg 1200w, https:\/\/www.e-works.fr\/blog\/wp-content\/uploads\/2020\/01\/Marseille-Page-Emploi-300x150.jpg 300w, https:\/\/www.e-works.fr\/blog\/wp-content\/uploads\/2020\/01\/Marseille-Page-Emploi-1024x512.jpg 1024w, https:\/\/www.e-works.fr\/blog\/wp-content\/uploads\/2020\/01\/Marseille-Page-Emploi-768x384.jpg 768w\" sizes=\"(max-width: 1200px) 100vw, 1200px\" \/><\/p>\n<p><span style=\"font-weight: 400;\">Deuxi\u00e8me commune de France derri\u00e8re Paris avec 862 211 habitants en 2016, Marseille est le si\u00e8ge de la m\u00e9tropole d&rsquo;Aix-Marseille-Provence qui comptabilise 1 873 707 habitants. En tant que chef-lieu des Bouches-du-Rh\u00f4ne et de la r\u00e9gion Provence-Alpes-C\u00f4te d&rsquo;Azur, Marseille dispose de nombreux points touristiques pour tous passage au Sud-Est de la France :\u00a0\u00a0<\/span><\/p>\n<p><span style=\"font-weight: 400;\">&#8211; La basilique Notre-Dame-de-la-Garde,<br \/>\n<\/span><span style=\"font-weight: 400;\">&#8211; La calanque de Sugiton,<br \/>\n<\/span><span style=\"font-weight: 400;\">&#8211; Le Vieux-Port,<br \/>\n<\/span><span style=\"font-weight: 400;\">&#8211; La tour CMA-CGM,<br \/>\n<\/span><span style=\"font-weight: 400;\">&#8211; Le bassin d&rsquo;Arenc,<br \/>\n<\/span><span style=\"font-weight: 400;\">&#8211; La Canebi\u00e8re,<br \/>\n<\/span><span style=\"font-weight: 400;\">&#8211; L&rsquo;abbaye Saint-Victor,<br \/>\n<\/span><span style=\"font-weight: 400;\">&#8211; La Friche Belle de Mai<\/span><\/p>\n<p><span style=\"font-weight: 400;\">La r\u00e9gion Provence-Alpes-C\u00f4te d\u2019Azur profite de nombreuses qualit\u00e9s qui la rend attractive aux yeux d\u2019entreprises et de nombreux individus voulant changer d\u2019environnement. En terme d\u2019emploi, fin 2017, la r\u00e9gion repr\u00e9sente 12 340 \u00e9tablissements du secteur priv\u00e9 qui emploient 128 600 salari\u00e9s d\u2019apr\u00e8s le P\u00f4le Emploi. De plus l\u2019\u00e9conomie maritime marseillaise est accentu\u00e9e par son fameux Grand port de Marseille qui fait de Marseille, le premier port fran\u00e7ais, le deuxi\u00e8me port m\u00e9diterran\u00e9en et le cinqui\u00e8me port europ\u00e9en. <\/span><\/p>\n<h2><span style=\"font-weight: 400;\">Marseille, acteur majeur du digital fran\u00e7ais et ville labellis\u00e9e French Tech<\/span><\/h2>\n<p><span style=\"font-weight: 400;\">Labellis\u00e9e French Tech, Marseille est une ville digitale qui s\u2019est associ\u00e9e \u00e0 la ville d\u2019Aix-en-Provence pour fonder le label \u201cAix-Marseille French Tech\u201d. V\u00e9ritable levier de croissance avec 13 % de croissance annuelle et l\u2019\u00e9mergence de 150 entreprises tech, championnes dans leur domaine (IoT, les Data Centers, le E-commerce, le E-tourisme, l\u2019E-sant\u00e9, l\u2019audiovisuel num\u00e9rique, &#8230;), Aix-Marseille French Tech profitent de nombreux lieux d\u2019excellence tels que :\u00a0<\/span><\/p>\n<p><span style=\"font-weight: 400;\">&#8211; le Technop\u00f4le de Ch\u00e2teau-Gombert,<br \/>\n<\/span><span style=\"font-weight: 400;\">&#8211; le P\u00f4le M\u00e9dia Belle-de-Mai,<br \/>\n<\/span><span style=\"font-weight: 400;\">&#8211; les FabLabs et incubateurs,<br \/>\n<\/span><span style=\"font-weight: 400;\">&#8211; les p\u00f4les de comp\u00e9titivit\u00e9,<br \/>\n<\/span><span style=\"font-weight: 400;\">&#8211; les centres de co-working,<br \/>\n<\/span><span style=\"font-weight: 400;\">&#8211; les lieux de m\u00e9diation num\u00e9rique labellis\u00e9s ERIC (Espace R\u00e9gional Internet Citoyen).<\/span><\/p>\n<p><span style=\"font-weight: 400;\">La communaut\u00e9 digitale marseillaise est en pleine expansion : \u00e0 la date du 06 janvier 2020, le site emploi et\u00a0 moteur de recherche d\u2019annonces Indeed recensait 608 offres d\u2019emploi sur le mot cl\u00e9 \u201cdigital\u201d situ\u00e9 dans la ville de Marseille. Si on regarde le nombre de membres inscrits sur LinkedIn, c\u2019est 14\u202f 488 professionnels bas\u00e9s \u00e0 Marseille et qui font une mention du terme \u201cdigital\u201d sur leur profil. Marseille est une ville \u00e9mergente sur l\u2019\u00e9chelle du num\u00e9rique fran\u00e7ais.<\/span><\/p>\n<p><img decoding=\"async\" class=\"aligncenter wp-image-7193 size-large\" src=\"https:\/\/www.e-works.fr\/blog\/wp-content\/uploads\/2020\/01\/bannie\u0300re-Frenchtech-Aix-Marseille-1024x341.jpg\" alt=\"Frenchtech-Aix-Marseille\" width=\"1024\" height=\"341\" \/><\/p>\n<h2><span style=\"font-weight: 400;\">Les entreprises du num\u00e9rique \u00e0 Marseille et en r\u00e9gion Provence-Alpes-C\u00f4te d\u2019Azur\u00a0<\/span><\/h2>\n<p><span style=\"font-weight: 400;\">Pour analyser l\u2019\u00e9cosyst\u00e8me num\u00e9rique marseillais, il est judicieux d\u2019analyser les entreprises constituant cet \u00e9cosyst\u00e8me, particuli\u00e8rement celles de l\u2019industrie du num\u00e9rique.\u00a0<\/span><\/p>\n<p><span style=\"font-weight: 400;\">D\u00e9j\u00e0, sur E-Works, site emploi d\u00e9di\u00e9 \u00e0 l\u2019emploi digital, il existe pr\u00e8s de 1 030 entreprises inscrites sur notre plate-forme et dont le si\u00e8ge social est situ\u00e9 \u00e0 Marseille. Le territoire d\u2019Aix-Marseille profite \u00e9galement de la Cit\u00e9 de l&rsquo;Innovation et des Savoirs Aix-Marseille (CISAM) qui est un espace de cr\u00e9ativit\u00e9 entrepreneuriale, de rencontres et d\u2019enrichissement regroupant quatres partenaires : l\u2019Acc\u00e9l\u00e9rateur M, \u00e0 destination des startups innovantes et pour attirer des startups \u00e9trang\u00e8res sur\u00a0 le territoire, Zebox l\u2019incubateur \/ acc\u00e9l\u00e9rateur de startups \u00e0 taille humaine avec un r\u00e9seau exceptionnel, Obratori le Startup Studio qui est mod\u00e8le innovant de cr\u00e9ation et d\u2019accompagnement, et enfin Aix-Marseille Universit\u00e9 qui rel\u00e8ve de l\u2019excellence avec des structures de recherche efficaces et une large offre de formation.<\/span><\/p>\n<p><span style=\"font-weight: 400;\">Il existe diff\u00e9rent type d\u2019entreprise dans le num\u00e9rique marseillaise :<\/span><\/p>\n<p><span style=\"font-weight: 400;\">&#8211; des agences de communication digitale : Sharly Shaper, Marsatwork, Nextia, Sunmade, Perfeo, Beresite, Hekla&#8230;<br \/>\n<\/span><span style=\"font-weight: 400;\">&#8211; des agences de cr\u00e9ation de site web : Wagaia, Answeb, Monapp, Jalis, RG Design, Winsiders, Make It Creative, Startbiz&#8230;<br \/>\n<\/span><span style=\"font-weight: 400;\">&#8211; des agences sp\u00e9cialis\u00e9es en SEO \/ SEA : Digimood, Izihub, 1\u00e8re Position, Monsieur SEO, Sokeo, LAM, Etoile Web&#8230;<br \/>\n<\/span><span style=\"font-weight: 400;\">&#8211; des \u00e9diteurs de logiciels en mode SaaS : Akanea, Digitech, Neovacom, Oxatis&#8230;<br \/>\n<\/span><span style=\"font-weight: 400;\">&#8211; des agences et entreprises sp\u00e9cialis\u00e9es en e-commerce : Wiko, Kamp\u2019n, iProtego, Avis Verifies, Voyage Priv\u00e9&#8230;<\/span><\/p>\n<p>&nbsp;<\/p>\n<div align=\"center\"><a class=\"btn_postuler\" href=\"https:\/\/www.e-works.fr\/annonce\/rechercher?text=&amp;order=&amp;pays=1&amp;reg=21&amp;utm_source=e-works&amp;utm_campaign=city_post&amp;utm_medium=cta_button_all_offers\" rel=\"nofollow\">Voir les offres d\u2019emploi \u00e0 Marseille et PACA<\/a><\/div>\n<div style=\"text-align: left;\" align=\"center\"><\/div>\n<h3><span style=\"font-weight: 400;\">Les entreprises qui recrutent<\/span><\/h3>\n<p><img decoding=\"async\" class=\"aligncenter wp-image-7210 size-large\" src=\"https:\/\/www.e-works.fr\/blog\/wp-content\/uploads\/2020\/01\/Recrutement_Nume\u0301rique_Provence-Alpes-Co\u0302te-d\u2019Azur-1024x512.jpg\" alt=\"Recrutement_Nume\u0301rique_Provence-Alpes-Co\u0302te-d\u2019Azur\" width=\"1024\" height=\"512\" \/><\/p>\n<p><span style=\"font-weight: 400;\">Au sein de la m\u00e9tropole <\/span><span style=\"font-weight: 400;\">d&rsquo;Aix-Marseille-Provence, de nombreuses entreprises et <\/span><span style=\"font-weight: 400;\">grands groupes fran\u00e7ais, ayant des bureaux dans la r\u00e9gion, recrutent dans le digital. Parmi ces entreprises, on retrouve Wiko, Alin\u00e9a, Gymnova, Minelli, Autogrill, Daher, AlloPneus ou encore Colis Priv\u00e9.<\/span><\/p>\n<p><span style=\"font-weight: 400;\">Voici une liste non exhaustive des entreprises lyonnaises dans l\u2019\u00e9cosyst\u00e8me du digital, du webmarketing et du e-commerce :<\/span><\/p>\n<p><span style=\"font-weight: 400;\">&#8211; San Marina, e-commerce sp\u00e9cialis\u00e9e dans les chaussures et accessoires de mode,<br \/>\n<\/span><span style=\"font-weight: 400;\">&#8211; Homair Group, le leader europ\u00e9en du secteur de l\u2019h\u00f4tellerie de plein air,<br \/>\n<\/span><span style=\"font-weight: 400;\">&#8211; Scala, entreprise de conseil en transformation num\u00e9rique,<br \/>\n<\/span><span style=\"font-weight: 400;\">&#8211; Groupe Kinob\u00e9, fabricant et expert de fruits exotique,<br \/>\n<\/span><span style=\"font-weight: 400;\">&#8211; Articlaw, une Legaltech offrant un nouvel acc\u00e8s au droit du num\u00e9rique.<br \/>\n<\/span><span style=\"font-weight: 400;\">&#8211; Safeco, la maison fran\u00e7aise d&rsquo;\u00e9dition de tissus<br \/>\n<\/span><span style=\"font-weight: 400;\">&#8211; Speedway, e-commerce sp\u00e9cialis\u00e9 dans l&rsquo;accessoire et l&rsquo;\u00e9quipement moto et scooter,<br \/>\n<\/span><span style=\"font-weight: 400;\">&#8211; Kamp\u2019n, solution de gestion de campagnes Facebook Ads et Google AdWords,<br \/>\n<\/span><span style=\"font-weight: 400;\">&#8211; Digimood, agence sp\u00e9cialis\u00e9e en SEO et SEA,<br \/>\n<\/span><span style=\"font-weight: 400;\">&#8211; Avis V\u00e9rifi\u00e9s, solution sp\u00e9cialis\u00e9e dans la r\u00e9colte des avis clients,<br \/>\n<\/span><span style=\"font-weight: 400;\">&#8211; Poolstar, le sp\u00e9cialiste des produits autour de la piscine et du bien-\u00eatre,<br \/>\n<\/span><span style=\"font-weight: 400;\">&#8211; Jalis, agence web en r\u00e9f\u00e9rencement naturel et payant,<br \/>\n<\/span><span style=\"font-weight: 400;\">&#8211; Kaporal, e-commerce sp\u00e9cialis\u00e9e dans les v\u00eatements Homme, Femme &amp; Enfants,<br \/>\n<\/span><span style=\"font-weight: 400;\">&#8211; Sonergia, entreprise de conseil sur tous les travaux d&rsquo;efficacit\u00e9 \u00e9nerg\u00e9tique,<br \/>\n<\/span><span style=\"font-weight: 400;\">&#8211; Alin\u00e9a, enseigne sp\u00e9cialis\u00e9e en ameublement et d\u00e9coration,<br \/>\n<\/span><span style=\"font-weight: 400;\">&#8211; Ikimo9.com, le 1er site comparateur de logements neufs,<br \/>\n<\/span><span style=\"font-weight: 400;\">&#8211; Darwin Agency, l&rsquo;agence de conseil en strat\u00e9gie d\u2019acquisition digitale,<br \/>\n<\/span><span style=\"font-weight: 400;\">&#8211; Beforgo.com, solution de mise en relation entre voyageurs 2.0 et agences de voyages par sp\u00e9cialit\u00e9,\u00a0<\/span><\/p>\n<p><span style=\"font-weight: 400;\">Le territoire Aix-Marseille dispose d\u2019une grande vari\u00e9t\u00e9 d&rsquo;entreprises couvrant de nombreuses sp\u00e9cialit\u00e9s du digital. Cette richesse permet aux candidats en recherche d\u2019emploi, d\u2019avoir de nombreuses opportunit\u00e9s pour int\u00e9grer une entreprise qui correspond \u00e0 leurs attentes.<\/span><\/p>\n<h3><span style=\"font-weight: 400;\">Les cabinets de recrutement dans le digital<\/span><\/h3>\n<p><span style=\"font-weight: 400;\">Comme toute grande r\u00e9gion, le march\u00e9 du recrutement est important et concurrentiel. Par cons\u00e9quent, des cabinets de recrutement, chasseurs de t\u00eate et autres acteurs sp\u00e9cialis\u00e9s dans le sourcing de talents du digital ont vu le jour pour r\u00e9pondre aux besoins des entreprises. Parmi ces acteurs, nous pouvons distinguer dans la r\u00e9gion P.A.C.A :<\/span><\/p>\n<p><span style=\"font-weight: 400;\">&#8211; Le Mouton \u00e0 5 Pattes : cabinet de recrutement ind\u00e9pendant sp\u00e9cialiste des fonctions cadres et situ\u00e9 \u00e0 Marseille et Avignon, en r\u00e9gion PACA.<br \/>\n<\/span><span style=\"font-weight: 400;\">&#8211; Manajob : cabinet de recrutement ind\u00e9pendant multi-sp\u00e9cialis\u00e9 situ\u00e9 en plein c\u0153ur de Marseille.<br \/>\n<\/span><span style=\"font-weight: 400;\">&#8211; De Gra\u00ebt Consulting : cabinet de recrutement et d\u2019approche directe multisp\u00e9cialiste bas\u00e9 \u00e0 Marseille.<br \/>\n<\/span><span style=\"font-weight: 400;\">&#8211; Talents &amp; Search : cabinet sp\u00e9cialis\u00e9e dans le recrutement de cadres sup\u00e9rieurs et de dirigeants.<br \/>\n<\/span><span style=\"font-weight: 400;\">&#8211; Michael Page : cabinet de conseil en recrutement de cadres disposant de bureaux \u00e0 Marseille.<\/span><\/p>\n<p><span style=\"font-weight: 400;\">Sans oublier les nombreux autres cabinets situ\u00e9s en France qui recrutent de nombreux consultants dans la r\u00e9gion Provence-Alpes-C\u00f4te d\u2019Azur : Badenoch &amp; Clark, Vidal Associates Consulting &amp; Search, Lynx RH, Florian Mantione Institut&#8230;<\/span><\/p>\n<h2><span style=\"font-weight: 400;\">Les \u00e9v\u00e9nements du num\u00e9rique marseillais<\/span><\/h2>\n<p><span style=\"font-weight: 400;\">Pour alimenter et faire rayonner la communaut\u00e9 num\u00e9rique fran\u00e7aise, Marseille voit passer de nombreux salons professionnels, \u00e9v\u00e9nements B2B et rendez-vous autour du th\u00e8me du digital. Si nous devions lister les moments forts pour les professionnels du web \u00e0 Marseille, nous pourrions citer :<\/span><\/p>\n<p><span style=\"font-weight: 400;\">&#8211; Le FD Tour 2020 by France Digitale, le 13 f\u00e9vrier 2020 \u00e0 Marseille;<br \/>\n<\/span><span style=\"font-weight: 400;\">&#8211; Le Riviera DEV du 13 au 15 mai 2020 \u00e0 la Skema Business School de Sophia Antipolis;<br \/>\n<\/span><span style=\"font-weight: 400;\">&#8211; Le SEO Camp Day Marseille, le 05 juin 2020 \u00e0 La Coque;<br \/>\n<\/span><span style=\"font-weight: 400;\">&#8211; Le Salon des Entrepreneurs, les 27 &amp; 28 octobre 2020 \u00e0 Marseille.<\/span><\/p>\n<h2><span style=\"font-weight: 400;\">Les \u00e9coles et organismes de formation au num\u00e9rique de la r\u00e9gion Provence-Alpes-C\u00f4te d\u2019Azur<\/span><\/h2>\n<p><span style=\"font-weight: 400;\">La formation au num\u00e9rique est \u00e9galement mise en lumi\u00e8re \u00e0 Marseille. Que ce soit en cursus scolaire dans l\u2019une des nombreuses \u00e9coles de la r\u00e9gion avec une licence ou un master sp\u00e9cialis\u00e9, ou encore en formation intra et inter-entreprise, les moyens sont nombreux pour se former et monter en comp\u00e9tences.<\/span><\/p>\n<p><span style=\"font-weight: 400;\">Nous pouvons recenser de nombreux acteurs de l\u2019enseignement et la formation comme :<\/span><\/p>\n<p><span style=\"font-weight: 400;\">&#8211; SUPDEWEB Marseille, une \u00e9cole web &amp; multim\u00e9dia,<br \/>\n<\/span><span style=\"font-weight: 400;\">&#8211; Kedge Business School, une \u00e9cole de commerce et Management \u00e0 Marseille<br \/>\n<\/span><span style=\"font-weight: 400;\">&#8211; ECS Marseille, une \u00e9cole de communication et publicit\u00e9,<br \/>\n<\/span><span style=\"font-weight: 400;\">&#8211; Pigier, une \u00e9cole de commerce \u00e0 Marseille,<br \/>\n<\/span><span style=\"font-weight: 400;\">&#8211; L\u2019Universit\u00e9 Aix-Marseille, la plus grande universit\u00e9 francophone \u00e0 Marseille,<br \/>\n<\/span><span style=\"font-weight: 400;\">&#8211; WebForce 3 Marseille, l\u2019\u00e9cole sp\u00e9cialis\u00e9e en d\u00e9veloppement web,<br \/>\n<\/span><span style=\"font-weight: 400;\">&#8211; La Plateforme, \u00e9cole du num\u00e9rique \u00e0 Marseille,<br \/>\n<\/span><span style=\"font-weight: 400;\">&#8211; La Jalis Acad\u00e9mie, les formations sp\u00e9cialis\u00e9es en webmarketing et publicit\u00e9 digitale,<br \/>\n<\/span><span style=\"font-weight: 400;\">&#8211; L\u2019IAE Aix-Marseille Graduate School of Management,<br \/>\n<\/span><span style=\"font-weight: 400;\">&#8211; L&rsquo;agence Etoile Web et ses formations webmarketing \u00e0 Marseille.\u00a0<\/span><\/p>\n<p><span style=\"font-weight: 400;\">\u00c1 noter que les formations en alternance se multiplient que \u00e7a soit des bachelors comme des masters sp\u00e9cialis\u00e9s car les marseillais recherchent de plus en plus des formations professionnalisante.<\/span><\/p>\n<h2><span style=\"font-weight: 400;\">D\u00e9couvrez les offres d\u2019emploi (CDI \/ CDD \/ Freelance) mais \u00e9galement de stage et d\u2019alternance \u00e0 Marseille et en r\u00e9gion PACA<\/span><\/h2>\n<p>&nbsp;<\/p>\n<div align=\"center\"><a class=\"btn_postuler\" href=\"https:\/\/www.e-works.fr\/annonce\/rechercher?text=&amp;order=&amp;pays=1&amp;reg=21&amp;utm_source=e-works&amp;utm_campaign=city_post&amp;utm_medium=cta_button_all_offers\" rel=\"nofollow\">Voir les offres d\u2019emploi \u00e0 Marseille et PACA<\/a><\/div>\n<div align=\"center\"><\/div>\n<h2><span style=\"font-weight: 400;\">Vous recrutez des talents du num\u00e9rique \u00e0 Marseille et en r\u00e9gion PACA ?<\/span><\/h2>\n<p>&nbsp;<\/p>\n<div align=\"center\"><a class=\"btn_postuler\" href=\"https:\/\/www.e-works.fr\/annonce\/create_ajax?utm_source=e-works&amp;utm_campaign=city_post&amp;utm_medium=cta_button_all_offers\" rel=\"nofollow\">D\u00e9posez une annonce gratuitement sur E-Works<\/a><\/div>\n","protected":false},"excerpt":{"rendered":"<p>Deuxi\u00e8me commune de France derri\u00e8re Paris avec 862 211 habitants en 2016, Marseille est le si\u00e8ge de la m\u00e9tropole d&rsquo;Aix-Marseille-Provence qui comptabilise 1 873 707<\/p>\n","protected":false},"author":1,"featured_media":7185,"parent":0,"menu_order":0,"comment_status":"closed","ping_status":"closed","template":"","meta":{"footnotes":""},"class_list":["post-7096","page","type-page","status-publish","has-post-thumbnail","hentry"],"yoast_head":"<!-- This site is optimized with the Yoast SEO plugin v27.5 - https:\/\/yoast.com\/product\/yoast-seo-wordpress\/ -->\n<title>Le digital &amp; e-commerce \u00e0 Marseille et en r\u00e9gion Provence-Alpes-C\u00f4te d\u2019Azur - Blog E-Works<\/title>\n<meta name=\"robots\" content=\"index, follow, max-snippet:-1, max-image-preview:large, max-video-preview:-1\" \/>\n<link rel=\"canonical\" href=\"https:\/\/www.e-works.fr\/blog\/marseille\/\" \/>\n<meta property=\"og:locale\" content=\"fr_FR\" \/>\n<meta property=\"og:type\" content=\"article\" \/>\n<meta property=\"og:title\" content=\"Le digital &amp; e-commerce \u00e0 Marseille et en r\u00e9gion Provence-Alpes-C\u00f4te d\u2019Azur - Blog E-Works\" \/>\n<meta property=\"og:description\" content=\"Deuxi\u00e8me commune de France derri\u00e8re Paris avec 862 211 habitants en 2016, Marseille est le si\u00e8ge de la m\u00e9tropole d&rsquo;Aix-Marseille-Provence qui comptabilise 1 873 707\" \/>\n<meta property=\"og:url\" content=\"https:\/\/www.e-works.fr\/blog\/marseille\/\" \/>\n<meta property=\"og:site_name\" content=\"Blog E-Works\" \/>\n<meta property=\"article:modified_time\" content=\"2025-09-10T13:50:37+00:00\" \/>\n<meta property=\"og:image\" content=\"https:\/\/www.e-works.fr\/blog\/wp-content\/uploads\/2020\/01\/Marseille-Page-Emploi.jpg\" \/>\n\t<meta property=\"og:image:width\" content=\"1200\" \/>\n\t<meta property=\"og:image:height\" content=\"600\" \/>\n\t<meta property=\"og:image:type\" content=\"image\/jpeg\" \/>\n<meta name=\"twitter:card\" content=\"summary_large_image\" \/>\n<meta name=\"twitter:label1\" content=\"Dur\u00e9e de lecture estim\u00e9e\" \/>\n\t<meta name=\"twitter:data1\" content=\"8 minutes\" \/>\n<script type=\"application\/ld+json\" class=\"yoast-schema-graph\">{\"@context\":\"https:\\\/\\\/schema.org\",\"@graph\":[{\"@type\":\"WebPage\",\"@id\":\"https:\\\/\\\/www.e-works.fr\\\/blog\\\/marseille\\\/\",\"url\":\"https:\\\/\\\/www.e-works.fr\\\/blog\\\/marseille\\\/\",\"name\":\"Le digital & e-commerce \u00e0 Marseille et en r\u00e9gion Provence-Alpes-C\u00f4te d\u2019Azur - Blog E-Works\",\"isPartOf\":{\"@id\":\"https:\\\/\\\/www.e-works.fr\\\/blog\\\/#website\"},\"primaryImageOfPage\":{\"@id\":\"https:\\\/\\\/www.e-works.fr\\\/blog\\\/marseille\\\/#primaryimage\"},\"image\":{\"@id\":\"https:\\\/\\\/www.e-works.fr\\\/blog\\\/marseille\\\/#primaryimage\"},\"thumbnailUrl\":\"https:\\\/\\\/www.e-works.fr\\\/blog\\\/wp-content\\\/uploads\\\/2020\\\/01\\\/Marseille-Page-Emploi.jpg\",\"datePublished\":\"2020-01-29T17:59:43+00:00\",\"dateModified\":\"2025-09-10T13:50:37+00:00\",\"breadcrumb\":{\"@id\":\"https:\\\/\\\/www.e-works.fr\\\/blog\\\/marseille\\\/#breadcrumb\"},\"inLanguage\":\"fr-FR\",\"potentialAction\":[{\"@type\":\"ReadAction\",\"target\":[\"https:\\\/\\\/www.e-works.fr\\\/blog\\\/marseille\\\/\"]}]},{\"@type\":\"ImageObject\",\"inLanguage\":\"fr-FR\",\"@id\":\"https:\\\/\\\/www.e-works.fr\\\/blog\\\/marseille\\\/#primaryimage\",\"url\":\"https:\\\/\\\/www.e-works.fr\\\/blog\\\/wp-content\\\/uploads\\\/2020\\\/01\\\/Marseille-Page-Emploi.jpg\",\"contentUrl\":\"https:\\\/\\\/www.e-works.fr\\\/blog\\\/wp-content\\\/uploads\\\/2020\\\/01\\\/Marseille-Page-Emploi.jpg\",\"width\":1200,\"height\":600,\"caption\":\"Marseille-E-Works-Page-Emploi-Digital\"},{\"@type\":\"BreadcrumbList\",\"@id\":\"https:\\\/\\\/www.e-works.fr\\\/blog\\\/marseille\\\/#breadcrumb\",\"itemListElement\":[{\"@type\":\"ListItem\",\"position\":1,\"name\":\"Accueil\",\"item\":\"https:\\\/\\\/www.e-works.fr\\\/blog\\\/\"},{\"@type\":\"ListItem\",\"position\":2,\"name\":\"Le digital &#038; e-commerce \u00e0 Marseille et en r\u00e9gion Provence-Alpes-C\u00f4te d\u2019Azur\"}]},{\"@type\":\"WebSite\",\"@id\":\"https:\\\/\\\/www.e-works.fr\\\/blog\\\/#website\",\"url\":\"https:\\\/\\\/www.e-works.fr\\\/blog\\\/\",\"name\":\"Blog E-Works\",\"description\":\"Emploi dans le Webmarketing et le e-Commerce\",\"potentialAction\":[{\"@type\":\"SearchAction\",\"target\":{\"@type\":\"EntryPoint\",\"urlTemplate\":\"https:\\\/\\\/www.e-works.fr\\\/blog\\\/?s={search_term_string}\"},\"query-input\":{\"@type\":\"PropertyValueSpecification\",\"valueRequired\":true,\"valueName\":\"search_term_string\"}}],\"inLanguage\":\"fr-FR\"}]}<\/script>\n<!-- \/ Yoast SEO plugin. -->","yoast_head_json":{"title":"Le digital & e-commerce \u00e0 Marseille et en r\u00e9gion Provence-Alpes-C\u00f4te d\u2019Azur - Blog E-Works","robots":{"index":"index","follow":"follow","max-snippet":"max-snippet:-1","max-image-preview":"max-image-preview:large","max-video-preview":"max-video-preview:-1"},"canonical":"https:\/\/www.e-works.fr\/blog\/marseille\/","og_locale":"fr_FR","og_type":"article","og_title":"Le digital & e-commerce \u00e0 Marseille et en r\u00e9gion Provence-Alpes-C\u00f4te d\u2019Azur - Blog E-Works","og_description":"Deuxi\u00e8me commune de France derri\u00e8re Paris avec 862 211 habitants en 2016, Marseille est le si\u00e8ge de la m\u00e9tropole d&rsquo;Aix-Marseille-Provence qui comptabilise 1 873 707","og_url":"https:\/\/www.e-works.fr\/blog\/marseille\/","og_site_name":"Blog E-Works","article_modified_time":"2025-09-10T13:50:37+00:00","og_image":[{"width":1200,"height":600,"url":"https:\/\/www.e-works.fr\/blog\/wp-content\/uploads\/2020\/01\/Marseille-Page-Emploi.jpg","type":"image\/jpeg"}],"twitter_card":"summary_large_image","twitter_misc":{"Dur\u00e9e de lecture estim\u00e9e":"8 minutes"},"schema":{"@context":"https:\/\/schema.org","@graph":[{"@type":"WebPage","@id":"https:\/\/www.e-works.fr\/blog\/marseille\/","url":"https:\/\/www.e-works.fr\/blog\/marseille\/","name":"Le digital & e-commerce \u00e0 Marseille et en r\u00e9gion Provence-Alpes-C\u00f4te d\u2019Azur - Blog E-Works","isPartOf":{"@id":"https:\/\/www.e-works.fr\/blog\/#website"},"primaryImageOfPage":{"@id":"https:\/\/www.e-works.fr\/blog\/marseille\/#primaryimage"},"image":{"@id":"https:\/\/www.e-works.fr\/blog\/marseille\/#primaryimage"},"thumbnailUrl":"https:\/\/www.e-works.fr\/blog\/wp-content\/uploads\/2020\/01\/Marseille-Page-Emploi.jpg","datePublished":"2020-01-29T17:59:43+00:00","dateModified":"2025-09-10T13:50:37+00:00","breadcrumb":{"@id":"https:\/\/www.e-works.fr\/blog\/marseille\/#breadcrumb"},"inLanguage":"fr-FR","potentialAction":[{"@type":"ReadAction","target":["https:\/\/www.e-works.fr\/blog\/marseille\/"]}]},{"@type":"ImageObject","inLanguage":"fr-FR","@id":"https:\/\/www.e-works.fr\/blog\/marseille\/#primaryimage","url":"https:\/\/www.e-works.fr\/blog\/wp-content\/uploads\/2020\/01\/Marseille-Page-Emploi.jpg","contentUrl":"https:\/\/www.e-works.fr\/blog\/wp-content\/uploads\/2020\/01\/Marseille-Page-Emploi.jpg","width":1200,"height":600,"caption":"Marseille-E-Works-Page-Emploi-Digital"},{"@type":"BreadcrumbList","@id":"https:\/\/www.e-works.fr\/blog\/marseille\/#breadcrumb","itemListElement":[{"@type":"ListItem","position":1,"name":"Accueil","item":"https:\/\/www.e-works.fr\/blog\/"},{"@type":"ListItem","position":2,"name":"Le digital &#038; e-commerce \u00e0 Marseille et en r\u00e9gion Provence-Alpes-C\u00f4te d\u2019Azur"}]},{"@type":"WebSite","@id":"https:\/\/www.e-works.fr\/blog\/#website","url":"https:\/\/www.e-works.fr\/blog\/","name":"Blog E-Works","description":"Emploi dans le Webmarketing et le e-Commerce","potentialAction":[{"@type":"SearchAction","target":{"@type":"EntryPoint","urlTemplate":"https:\/\/www.e-works.fr\/blog\/?s={search_term_string}"},"query-input":{"@type":"PropertyValueSpecification","valueRequired":true,"valueName":"search_term_string"}}],"inLanguage":"fr-FR"}]}},"_links":{"self":[{"href":"https:\/\/www.e-works.fr\/blog\/wp-json\/wp\/v2\/pages\/7096","targetHints":{"allow":["GET"]}}],"collection":[{"href":"https:\/\/www.e-works.fr\/blog\/wp-json\/wp\/v2\/pages"}],"about":[{"href":"https:\/\/www.e-works.fr\/blog\/wp-json\/wp\/v2\/types\/page"}],"author":[{"embeddable":true,"href":"https:\/\/www.e-works.fr\/blog\/wp-json\/wp\/v2\/users\/1"}],"replies":[{"embeddable":true,"href":"https:\/\/www.e-works.fr\/blog\/wp-json\/wp\/v2\/comments?post=7096"}],"version-history":[{"count":1,"href":"https:\/\/www.e-works.fr\/blog\/wp-json\/wp\/v2\/pages\/7096\/revisions"}],"predecessor-version":[{"id":13582,"href":"https:\/\/www.e-works.fr\/blog\/wp-json\/wp\/v2\/pages\/7096\/revisions\/13582"}],"wp:featuredmedia":[{"embeddable":true,"href":"https:\/\/www.e-works.fr\/blog\/wp-json\/wp\/v2\/media\/7185"}],"wp:attachment":[{"href":"https:\/\/www.e-works.fr\/blog\/wp-json\/wp\/v2\/media?parent=7096"}],"curies":[{"name":"wp","href":"https:\/\/api.w.org\/{rel}","templated":true}]}}