{"id":7233,"date":"2020-01-29T19:02:55","date_gmt":"2020-01-29T18:02:55","guid":{"rendered":"http:\/\/www.e-works.fr\/blog\/?page_id=7233"},"modified":"2025-09-10T13:50:32","modified_gmt":"2025-09-10T13:50:32","slug":"nantes","status":"publish","type":"page","link":"https:\/\/www.e-works.fr\/blog\/nantes\/","title":{"rendered":"Le digital &#038; e-commerce \u00e0 Nantes et en Pays de la Loire"},"content":{"rendered":"<p><img decoding=\"async\" class=\"aligncenter wp-image-7235 size-full\" src=\"http:\/\/sc2masm2294.universe.wf\/blog\/wp-content\/uploads\/2020\/01\/Nantes_Page_Emploi.jpg\" alt=\"Nantes_Page_Emploi\" width=\"1200\" height=\"600\" srcset=\"https:\/\/www.e-works.fr\/blog\/wp-content\/uploads\/2020\/01\/Nantes_Page_Emploi.jpg 1200w, https:\/\/www.e-works.fr\/blog\/wp-content\/uploads\/2020\/01\/Nantes_Page_Emploi-300x150.jpg 300w, https:\/\/www.e-works.fr\/blog\/wp-content\/uploads\/2020\/01\/Nantes_Page_Emploi-1024x512.jpg 1024w, https:\/\/www.e-works.fr\/blog\/wp-content\/uploads\/2020\/01\/Nantes_Page_Emploi-768x384.jpg 768w\" sizes=\"(max-width: 1200px) 100vw, 1200px\" \/><\/p>\n<p><span style=\"font-weight: 400;\">6\u00e8me ville de France avec 309 346 habitants en 2017 d\u2019apr\u00e8s l\u2019Insee, Nantes se situe sur les rives de la Loire en tant que chef-lieu du d\u00e9partement de la Loire-Atlantique, et pr\u00e9fecture de la r\u00e9gion Pays de la Loire. Nantes repr\u00e9sente le point central de Nantes M\u00e9tropole (619 240 habitants en 2014). De plus, la ville profite de la m\u00e9tropole atlantique et de l\u2019association avec l&rsquo;agglom\u00e9ration de Saint-Nazaire pour former le principal p\u00f4le m\u00e9tropolitain du Grand Ouest fran\u00e7ais et accentuer l\u2019attractivit\u00e9 nantaise. Ville d\u2019histoire, durable, solidaire et tourn\u00e9e vers l\u2019avenir, Nantes poss\u00e8de de nombreux points touristiques comme :<\/span><\/p>\n<p><span style=\"font-weight: 400;\">&#8211; La statue d&rsquo;Anne de Bretagne<br \/>\n<\/span><span style=\"font-weight: 400;\">&#8211; Le Ch\u00e2teau des Ducs de Bretagne,<br \/>\n<\/span><span style=\"font-weight: 400;\">&#8211; Les bords de l&rsquo;Erdre,<br \/>\n<\/span><span style=\"font-weight: 400;\">&#8211; La Cath\u00e9drale Saint-Pierre et Saint-Paul,<br \/>\n<\/span><span style=\"font-weight: 400;\">&#8211; Le Mus\u00e9e des Arts de Nantes,<br \/>\n<\/span><span style=\"font-weight: 400;\">&#8211; La Butte Sainte Anne et son Mus\u00e9e Jules Vernes,<br \/>\n<\/span><span style=\"font-weight: 400;\">&#8211; Les Ateliers de la Gobini\u00e8re,<br \/>\n<\/span><span style=\"font-weight: 400;\">&#8211; Le Quartier Bouffay &amp; ses cr\u00eaperies,<br \/>\n<\/span><span style=\"font-weight: 400;\">&#8211; La Place Royale,<br \/>\n<\/span><span style=\"font-weight: 400;\">&#8211; Le passage Pommeraye,<br \/>\n<\/span><span style=\"font-weight: 400;\">&#8211; L\u2019Op\u00e9ra Graslin.<\/span><\/p>\n<p><span style=\"font-weight: 400;\">La m\u00e9tropole nantaise se caract\u00e9rise par une \u00e9conomie florissante et une qualit\u00e9 de vie qui renforce le march\u00e9 de l\u2019emploi \u00e0 Nantes et l\u2019attractivit\u00e9 des entreprises nantaise. A titre d\u2019exemple, Nantes a \u00e9t\u00e9 <a href=\"https:\/\/www.lexpress.fr\/emploi\/le-palmares-2018-des-villes-ou-il-fait-bon-vivre-et-travailler_1984924.html\">d\u00e9sign\u00e9 en 2018 par l\u2019Express<\/a><\/span><span style=\"font-weight: 400;\">, pour la 2\u00e8me ann\u00e9e cons\u00e9cutive, premi\u00e8re ville de France \u201co\u00f9 il fait bon de travailler\u201d et 9\u00e8me ville de France \u201co\u00f9 il fait bon de vivre\u201d. A noter que ce classement se base sur plusieurs dizaine indicateurs de l\u2019emploi (taux de ch\u00f4mage, nombre d\u2019emplois, revenu m\u00e9dian, taux de pauvret\u00e9, accessibilit\u00e9 ferroviaire et a\u00e9rienne, \u2026). \u00c9galement 1\u00e8re ville fran\u00e7aise \u00e9lue Capitale verte europ\u00e9enne en 2013, Nantes a donc de nombreux atouts \u00e0 faire valoir.<\/span><\/p>\n<h2><span style=\"font-weight: 400;\">Nantes, acteur innovant du num\u00e9rique labellis\u00e9e French Tech depuis 2014<\/span><\/h2>\n<p><span style=\"font-weight: 400;\">En tant que premier p\u00f4le \u00e9conomique du Grand Ouest, Nantes profite d\u2019un vaste r\u00e9seaux de PME r\u00e9gionales et de si\u00e8ges r\u00e9gionaux de grands groupes. De plus, l\u2019\u00e9conomie nantaise est reconnue pour son innovation num\u00e9rique a notamment \u00e9t\u00e9 labellis\u00e9e \u00ab\u00a0M\u00e9tropole French Tech\u00a0\u00bb en 2014 \u00e0 l\u2019image d\u2019autres grande m\u00e9tropole num\u00e9rique comme Bordeaux, Lille, Marseille ou encore Paris. Pour grandir dans la sph\u00e8re digitale, Nantes peut compter sur des acteurs majeurs des technologies de pointe et de l\u2019industrie, le domaine technico-m\u00e9dical et l\u2019e-sant\u00e9, ou encore l\u2019IoT.\u00a0<\/span><\/p>\n<p><span style=\"font-weight: 400;\">A travers ce label French Tech, Nantes fait clairement partie des acteurs majeurs du digital en France avec pour objectif, la croissance des startups et leur rayonnement international. Pour y parvenir, Nantes a notamment mis en place le Quartier de la Cr\u00e9ation qui est un lieu d\u00e9di\u00e9 au d\u00e9veloppement et \u00e0 la mise en r\u00e9seau pour faire \u00e9merger un p\u00f4le d\u2019excellence europ\u00e9en avec tous les acteurs des industries culturelles et cr\u00e9atives nantais. Enfin, NantesTech d\u00e9veloppe de nombreux acc\u00e9l\u00e9rateurs pour ses startups \u00e0 des secteurs d\u2019excellence comme la sant\u00e9, la culture, l\u2019a\u00e9ronautique, le naval, les \u00e9nergies marines, les mat\u00e9riaux, &#8230; Sans oublier que NantesTech profite de partenariats internationaux avec Amsterdam, Tokyo, Melbourne ou encore le Qu\u00e9bec, pour la mobilit\u00e9 des talents et stimuler la croissance des entreprises et des \u00e9v\u00e9nements num\u00e9riques de la r\u00e9gion.<\/span><\/p>\n<p><img decoding=\"async\" class=\"aligncenter wp-image-7234 size-full\" src=\"http:\/\/sc2masm2294.universe.wf\/blog\/wp-content\/uploads\/2020\/01\/Nantes-Tech.jpg\" alt=\"Nantes-Tech\" width=\"1000\" height=\"322\" srcset=\"https:\/\/www.e-works.fr\/blog\/wp-content\/uploads\/2020\/01\/Nantes-Tech.jpg 1000w, https:\/\/www.e-works.fr\/blog\/wp-content\/uploads\/2020\/01\/Nantes-Tech-300x97.jpg 300w, https:\/\/www.e-works.fr\/blog\/wp-content\/uploads\/2020\/01\/Nantes-Tech-768x247.jpg 768w\" sizes=\"(max-width: 1000px) 100vw, 1000px\" \/><\/p>\n<h2><span style=\"font-weight: 400;\">Les entreprises du num\u00e9rique \u00e0 Nantes et en r\u00e9gion Pays de la Loire<\/span><\/h2>\n<p><span style=\"font-weight: 400;\">Pour comprendre la dimension num\u00e9rique de Nantes dans l\u2019\u00e9conomie digitale en France, il est pertinent de mettre en lumi\u00e8re les nombreuses entreprises en lien direct avec l\u2019industrie du num\u00e9rique. Par ailleurs, sur E-Works, site emploi d\u00e9di\u00e9 \u00e0 l\u2019emploi digital, il existe pr\u00e8s de 70 soci\u00e9t\u00e9s inscrites et dont le si\u00e8ge social se situe \u00e0 Nantes.<\/span><\/p>\n<p><span style=\"font-weight: 400;\">On d\u00e9nombre plusieurs types d\u2019entreprises dans le num\u00e9rique nantais tels que :<\/span><\/p>\n<p><span style=\"font-weight: 400;\">&#8211; des agences de communication digitale : Images Cr\u00e9ations, Nobilito, Intuiti, Agence-15, Motion4ever, B17, \u2026<br \/>\n<\/span><span style=\"font-weight: 400;\">&#8211; des agences de cr\u00e9ation de site web : L\u2019atelier, Fair, Graphilab, Kagency, Positive Assistance, AE2, &#8230;<br \/>\n<\/span><span style=\"font-weight: 400;\">&#8211; des agences sp\u00e9cialis\u00e9es en SEO \/ SEA : attractive-entreprise, La Boite \u00e0 Donuts, 1\u00e8re Position, Wedig, Cybercit\u00e9, &#8230;<br \/>\n<\/span><span style=\"font-weight: 400;\">&#8211; des \u00e9diteurs de logiciels en mode SaaS : Dotnet, Proginov, Sigma, Kosmos, Sodius, &#8230;<br \/>\n<\/span><span style=\"font-weight: 400;\">&#8211; des agences et entreprises sp\u00e9cialis\u00e9es en e-commerce : Agence404, 1-ter-net, Tangkoko, Avoloi, B2W &#8230;<\/span><\/p>\n<p>&nbsp;<\/p>\n<div align=\"center\"><a class=\"btn_postuler\" href=\"https:\/\/www.e-works.fr\/annonce\/rechercher?text=&amp;order=&amp;pays=1&amp;reg=18&amp;utm_source=e-works&amp;utm_campaign=city_post&amp;utm_medium=cta_button_all_offers\" rel=\"nofollow\">Voir les offres d\u2019emploi \u00e0 Nantes et Pays de Loire<\/a><\/div>\n<div style=\"text-align: left;\" align=\"center\"><\/div>\n<h3><span style=\"font-weight: 400;\">Les entreprises qui recrutent<\/span><\/h3>\n<p><img decoding=\"async\" class=\"aligncenter wp-image-7237 size-large\" src=\"https:\/\/www.e-works.fr\/blog\/wp-content\/uploads\/2020\/01\/Recrutement_Nume\u0301rique_Pays-de-la-Loire-1024x512.jpg\" alt=\"Recrutement_Nume\u0301rique_Pays-de-la-Loire\" width=\"1024\" height=\"512\" \/><\/p>\n<p><span style=\"font-weight: 400;\">Voici une liste non exhaustive d\u2019entreprises de l\u2019\u00e9cosyst\u00e8me du digital, du webmarketing et du e-commerce qui recrutent dans le bassin nantais :<\/span><\/p>\n<p><span style=\"font-weight: 400;\">&#8211; Notchup, agence digitale sp\u00e9cialis\u00e9 en Brand Content, publicit\u00e9, Social Media et Activation,<br \/>\n<\/span><span style=\"font-weight: 400;\">&#8211; 4Mod Technology, un bureau de design et R&amp;D pour r\u00e9volutionner la t\u00e9l\u00e9commande,<br \/>\n<\/span><span style=\"font-weight: 400;\">&#8211; Direct Optic, e-commerce sp\u00e9cialis\u00e9 dans les produits d\u2019optique et de lunettes,<br \/>\n<\/span><span style=\"font-weight: 400;\">&#8211; Talentsoft Learning, solutions de digital e-learning (\u00e0 distance),<br \/>\n<\/span><span style=\"font-weight: 400;\">&#8211; Meyko, solution pour aider suivre la sant\u00e9 des enfants quotidiennement,<br \/>\n<\/span><span style=\"font-weight: 400;\">&#8211; HydrOc\u00e9an, entreprise sp\u00e9cialis\u00e9e dans la simulation num\u00e9rique en hydrodynamique,<br \/>\n<\/span><span style=\"font-weight: 400;\">&#8211; Rosemood, e-commerce sp\u00e9cialis\u00e9 dans le tirage photo,<br \/>\n<\/span><span style=\"font-weight: 400;\">&#8211; iAdvize, entreprise experte en e-relation client instantan\u00e9e,<br \/>\n<\/span><span style=\"font-weight: 400;\">&#8211; Keosys, solution d&rsquo;ing\u00e9nierie m\u00e9dicale et de diffusion des examens de radiologie,<br \/>\n<\/span><span style=\"font-weight: 400;\">&#8211; Mediaveille, agence digitale marketing,<br \/>\n<\/span><span style=\"font-weight: 400;\">&#8211; Lengow, solutions SaaS d\u00e9di\u00e9es aux e-commer\u00e7ants,<br \/>\n<\/span><span style=\"font-weight: 400;\">&#8211; My Script, entreprise sp\u00e9cialis\u00e9 dans la reconnaissance d\u2019\u00e9criture manuscrite,<br \/>\n<\/span><span style=\"font-weight: 400;\">&#8211; EZ-Cloud, solution d\u2019h\u00e9bergement informatique pour les entreprises,<br \/>\n<\/span><span style=\"font-weight: 400;\">&#8211; Gingerminds, agence web B2B,<br \/>\n<\/span><span style=\"font-weight: 400;\">&#8211; ID City, plateforme \u00e0 destination des collectivit\u00e9s et entreprises pour la prise de d\u00e9cision,<br \/>\n<\/span><span style=\"font-weight: 400;\">&#8211; Obeo, \u00e9diteur de solutions logicielles open source,<br \/>\n<\/span><span style=\"font-weight: 400;\">&#8211; Wiztivi, solutions innovantes dans le domaine de la TV interactive connect\u00e9e,<\/span><\/p>\n<p><span style=\"font-weight: 400;\">Nous constatons que Nantes \u00e0 un r\u00e9seaux tr\u00e8s vari\u00e9s entre les startups innovantes, les agences digitale, les PME ou les grandes entreprises. Ce r\u00e9seau couvre tous les aspects du num\u00e9rique, ce qui offre un large choix aux candidats \u00e0 la recherche d\u2019emploi dans le bassin nantais.<\/span><\/p>\n<h2><span style=\"font-weight: 400;\">Les \u00e9v\u00e9nements du num\u00e9rique nantais<\/span><\/h2>\n<p><span style=\"font-weight: 400;\">La qualit\u00e9 de vie nantaise et l\u2019innovation Nantes Tech favorise \u00e9galement la mise en place de nombreux \u00e9v\u00e8nements professionnels locaux ou nationaux, rassemblant de nombreux grands acteurs du digital. Parmi ces rendez-vous, nous pouvons citer :<\/span><\/p>\n<p><span style=\"font-weight: 400;\">&#8211; Le Digital Change @ Nantes, les 21 et 22 janvier 2020 \u00e0 Nantes,<br \/>\n<\/span><span style=\"font-weight: 400;\">&#8211; Le Web Island le 3 avril 2020 au Palace &#8211; Quartier Graslin \u00e0 Nantes,<br \/>\n<\/span><span style=\"font-weight: 400;\">&#8211; PHP TOUR 2020 le 15 mai 2020 chez Akaneo,<br \/>\n<\/span><span style=\"font-weight: 400;\">&#8211; Conversation le 28 mai 2020 \u00e0 Nantes,<br \/>\n<\/span><span style=\"font-weight: 400;\">&#8211; Salon des Entrepreneurs les 24 &amp; 25 novembre 2020 \u00e0 Nantes.<\/span><\/p>\n<h2><span style=\"font-weight: 400;\">Les \u00e9coles et organismes de formation au num\u00e9rique de la r\u00e9gion Pays de la Loire<\/span><\/h2>\n<p><span style=\"font-weight: 400;\">Parmi la population de l\u2019agglom\u00e9ration nantaise, plus de 36% ont moins de 25 ans et 63 400 personnes sont \u00e9tudiantes. Ainsi, la formation num\u00e9rique a une place importante surtout l\u00e0 o\u00f9 l\u2019\u00e9conomie est florissante, stimul\u00e9e par de nombreuses innovations. Licence, bachelor,\u00a0 master sp\u00e9cialis\u00e9 digital ou encore formation intra et inter-entreprise, nombreuses sont les voies possible pour int\u00e9grer le march\u00e9 num\u00e9rique nantais. Surtout que l\u2019attractivit\u00e9 du bassin a favoris\u00e9 la cr\u00e9ation de nombreuses \u00e9coles.\u00a0<\/span><\/p>\n<p><span style=\"font-weight: 400;\">Voici une liste non exhaustive d\u2019acteurs de l\u2019enseignement et la formation dans le num\u00e9rique :<\/span><\/p>\n<p><span style=\"font-weight: 400;\">&#8211; GEN, Grande \u00c9cole du Num\u00e9rique au 2 bis quai Fran\u00e7ois Mitterrand,<br \/>\n<\/span><span style=\"font-weight: 400;\">&#8211; Epitech, l\u2019\u00e9cole de l\u2019innovation et de l&rsquo;expertise informatique,<br \/>\n<\/span><span style=\"font-weight: 400;\">&#8211; L\u2019\u00e9cole Mydigitalschool,<br \/>\n<\/span><span style=\"font-weight: 400;\">&#8211; ISEG, la grande \u00e9cole du digital marketing et communication \u00e0 Nantes,<br \/>\n<\/span><span style=\"font-weight: 400;\">&#8211; IAE de Nantes qui proposent plusieurs <\/span><a href=\"https:\/\/www.e-works.fr\/blog\/nantes-formation-e-commerce-marketing-numerique\/\"><span style=\"font-weight: 400;\">formations E-Commerce et Marketing Num\u00e9rique<\/span><\/a><span style=\"font-weight: 400;\">,<br \/>\n<\/span><span style=\"font-weight: 400;\">&#8211; L\u2019IMIE, \u00e9cole de la fili\u00e8re num\u00e9rique qui propose \u00e9galement son propre incubateur,<br \/>\n<\/span><span style=\"font-weight: 400;\">&#8211; WIS, <\/span><a href=\"https:\/\/www.e-works.fr\/blog\/web-international-school-wis-la-nouvelle-ecole-du-web\/\"><span style=\"font-weight: 400;\">Web International School<\/span><\/a><span style=\"font-weight: 400;\"> situ\u00e9 au 16 boulevard G\u00e9n\u00e9ral de Gaulle,<br \/>\n<\/span><span style=\"font-weight: 400;\">&#8211; ECV Digital, l\u2019\u00e9cole de Communication Visuelle et Digital avec son campus \u00e0 Nantes,<br \/>\n<\/span><span style=\"font-weight: 400;\">&#8211; ENI, l\u2019\u00e9cole Informatique,<br \/>\n<\/span><span style=\"font-weight: 400;\">&#8211; L\u2019EPSI, l\u2019\u00e9cole d\u2019ing\u00e9nierie informatique,<\/span><\/p>\n<p><span style=\"font-weight: 400;\">Dans le digital, les formations propos\u00e9es par les grandes \u00e9coles ou universit\u00e9s sont de plus avec de l\u2019alternance car la sph\u00e8re \u00e9tudiante nantaise est \u00e0 la recherche de formations professionnalisante.<\/span><\/p>\n<h2><span style=\"font-weight: 400;\">D\u00e9couvrez les offres d\u2019emploi (CDI \/ CDD \/ Freelance) mais \u00e9galement de stage et d\u2019alternance \u00e0 Nantes<\/span><\/h2>\n<p>&nbsp;<\/p>\n<div align=\"center\"><a class=\"btn_postuler\" href=\"https:\/\/www.e-works.fr\/annonce\/rechercher?text=&amp;order=&amp;pays=1&amp;reg=18&amp;utm_source=e-works&amp;utm_campaign=city_post&amp;utm_medium=cta_button_all_offers\" rel=\"nofollow\">Voir les offres d\u2019emploi \u00e0 Nantes et Pays de Loire<\/a><\/div>\n<div align=\"center\"><\/div>\n<h2><span style=\"font-weight: 400;\">Vous recrutez des talents du num\u00e9rique \u00e0 Nantes ?<\/span><\/h2>\n<p>&nbsp;<\/p>\n<div align=\"center\"><a class=\"btn_postuler\" href=\"https:\/\/www.e-works.fr\/annonce\/create_ajax?utm_source=e-works&amp;utm_campaign=city_post&amp;utm_medium=cta_button_all_offers\" rel=\"nofollow\">D\u00e9posez une annonce gratuitement sur E-Works<\/a><\/div>\n","protected":false},"excerpt":{"rendered":"<p>6\u00e8me ville de France avec 309 346 habitants en 2017 d\u2019apr\u00e8s l\u2019Insee, Nantes se situe sur les rives de la Loire en tant que chef-lieu<\/p>\n","protected":false},"author":1,"featured_media":7235,"parent":0,"menu_order":0,"comment_status":"closed","ping_status":"closed","template":"","meta":{"footnotes":""},"class_list":["post-7233","page","type-page","status-publish","has-post-thumbnail","hentry"],"yoast_head":"<!-- This site is optimized with the Yoast SEO plugin v27.5 - https:\/\/yoast.com\/product\/yoast-seo-wordpress\/ -->\n<title>Le digital &amp; e-commerce \u00e0 Nantes et en Pays de la Loire - Blog E-Works<\/title>\n<meta name=\"robots\" content=\"index, follow, max-snippet:-1, max-image-preview:large, max-video-preview:-1\" \/>\n<link rel=\"canonical\" href=\"https:\/\/www.e-works.fr\/blog\/nantes\/\" \/>\n<meta property=\"og:locale\" content=\"fr_FR\" \/>\n<meta property=\"og:type\" content=\"article\" \/>\n<meta property=\"og:title\" content=\"Le digital &amp; e-commerce \u00e0 Nantes et en Pays de la Loire - Blog E-Works\" \/>\n<meta property=\"og:description\" content=\"6\u00e8me ville de France avec 309 346 habitants en 2017 d\u2019apr\u00e8s l\u2019Insee, Nantes se situe sur les rives de la Loire en tant que chef-lieu\" \/>\n<meta property=\"og:url\" content=\"https:\/\/www.e-works.fr\/blog\/nantes\/\" \/>\n<meta property=\"og:site_name\" content=\"Blog E-Works\" \/>\n<meta property=\"article:modified_time\" content=\"2025-09-10T13:50:32+00:00\" \/>\n<meta property=\"og:image\" content=\"https:\/\/www.e-works.fr\/blog\/wp-content\/uploads\/2020\/01\/Nantes_Page_Emploi.jpg\" \/>\n\t<meta property=\"og:image:width\" content=\"1200\" \/>\n\t<meta property=\"og:image:height\" content=\"600\" \/>\n\t<meta property=\"og:image:type\" content=\"image\/jpeg\" \/>\n<meta name=\"twitter:card\" content=\"summary_large_image\" \/>\n<meta name=\"twitter:label1\" content=\"Dur\u00e9e de lecture estim\u00e9e\" \/>\n\t<meta name=\"twitter:data1\" content=\"7 minutes\" \/>\n<script type=\"application\/ld+json\" class=\"yoast-schema-graph\">{\"@context\":\"https:\\\/\\\/schema.org\",\"@graph\":[{\"@type\":\"WebPage\",\"@id\":\"https:\\\/\\\/www.e-works.fr\\\/blog\\\/nantes\\\/\",\"url\":\"https:\\\/\\\/www.e-works.fr\\\/blog\\\/nantes\\\/\",\"name\":\"Le digital & e-commerce \u00e0 Nantes et en Pays de la Loire - Blog E-Works\",\"isPartOf\":{\"@id\":\"https:\\\/\\\/www.e-works.fr\\\/blog\\\/#website\"},\"primaryImageOfPage\":{\"@id\":\"https:\\\/\\\/www.e-works.fr\\\/blog\\\/nantes\\\/#primaryimage\"},\"image\":{\"@id\":\"https:\\\/\\\/www.e-works.fr\\\/blog\\\/nantes\\\/#primaryimage\"},\"thumbnailUrl\":\"https:\\\/\\\/www.e-works.fr\\\/blog\\\/wp-content\\\/uploads\\\/2020\\\/01\\\/Nantes_Page_Emploi.jpg\",\"datePublished\":\"2020-01-29T18:02:55+00:00\",\"dateModified\":\"2025-09-10T13:50:32+00:00\",\"breadcrumb\":{\"@id\":\"https:\\\/\\\/www.e-works.fr\\\/blog\\\/nantes\\\/#breadcrumb\"},\"inLanguage\":\"fr-FR\",\"potentialAction\":[{\"@type\":\"ReadAction\",\"target\":[\"https:\\\/\\\/www.e-works.fr\\\/blog\\\/nantes\\\/\"]}]},{\"@type\":\"ImageObject\",\"inLanguage\":\"fr-FR\",\"@id\":\"https:\\\/\\\/www.e-works.fr\\\/blog\\\/nantes\\\/#primaryimage\",\"url\":\"https:\\\/\\\/www.e-works.fr\\\/blog\\\/wp-content\\\/uploads\\\/2020\\\/01\\\/Nantes_Page_Emploi.jpg\",\"contentUrl\":\"https:\\\/\\\/www.e-works.fr\\\/blog\\\/wp-content\\\/uploads\\\/2020\\\/01\\\/Nantes_Page_Emploi.jpg\",\"width\":1200,\"height\":600,\"caption\":\"Nantes_Page_Emploi\"},{\"@type\":\"BreadcrumbList\",\"@id\":\"https:\\\/\\\/www.e-works.fr\\\/blog\\\/nantes\\\/#breadcrumb\",\"itemListElement\":[{\"@type\":\"ListItem\",\"position\":1,\"name\":\"Accueil\",\"item\":\"https:\\\/\\\/www.e-works.fr\\\/blog\\\/\"},{\"@type\":\"ListItem\",\"position\":2,\"name\":\"Le digital &#038; e-commerce \u00e0 Nantes et en Pays de la Loire\"}]},{\"@type\":\"WebSite\",\"@id\":\"https:\\\/\\\/www.e-works.fr\\\/blog\\\/#website\",\"url\":\"https:\\\/\\\/www.e-works.fr\\\/blog\\\/\",\"name\":\"Blog E-Works\",\"description\":\"Emploi dans le Webmarketing et le e-Commerce\",\"potentialAction\":[{\"@type\":\"SearchAction\",\"target\":{\"@type\":\"EntryPoint\",\"urlTemplate\":\"https:\\\/\\\/www.e-works.fr\\\/blog\\\/?s={search_term_string}\"},\"query-input\":{\"@type\":\"PropertyValueSpecification\",\"valueRequired\":true,\"valueName\":\"search_term_string\"}}],\"inLanguage\":\"fr-FR\"}]}<\/script>\n<!-- \/ Yoast SEO plugin. -->","yoast_head_json":{"title":"Le digital & e-commerce \u00e0 Nantes et en Pays de la Loire - Blog E-Works","robots":{"index":"index","follow":"follow","max-snippet":"max-snippet:-1","max-image-preview":"max-image-preview:large","max-video-preview":"max-video-preview:-1"},"canonical":"https:\/\/www.e-works.fr\/blog\/nantes\/","og_locale":"fr_FR","og_type":"article","og_title":"Le digital & e-commerce \u00e0 Nantes et en Pays de la Loire - Blog E-Works","og_description":"6\u00e8me ville de France avec 309 346 habitants en 2017 d\u2019apr\u00e8s l\u2019Insee, Nantes se situe sur les rives de la Loire en tant que chef-lieu","og_url":"https:\/\/www.e-works.fr\/blog\/nantes\/","og_site_name":"Blog E-Works","article_modified_time":"2025-09-10T13:50:32+00:00","og_image":[{"width":1200,"height":600,"url":"https:\/\/www.e-works.fr\/blog\/wp-content\/uploads\/2020\/01\/Nantes_Page_Emploi.jpg","type":"image\/jpeg"}],"twitter_card":"summary_large_image","twitter_misc":{"Dur\u00e9e de lecture estim\u00e9e":"7 minutes"},"schema":{"@context":"https:\/\/schema.org","@graph":[{"@type":"WebPage","@id":"https:\/\/www.e-works.fr\/blog\/nantes\/","url":"https:\/\/www.e-works.fr\/blog\/nantes\/","name":"Le digital & e-commerce \u00e0 Nantes et en Pays de la Loire - Blog E-Works","isPartOf":{"@id":"https:\/\/www.e-works.fr\/blog\/#website"},"primaryImageOfPage":{"@id":"https:\/\/www.e-works.fr\/blog\/nantes\/#primaryimage"},"image":{"@id":"https:\/\/www.e-works.fr\/blog\/nantes\/#primaryimage"},"thumbnailUrl":"https:\/\/www.e-works.fr\/blog\/wp-content\/uploads\/2020\/01\/Nantes_Page_Emploi.jpg","datePublished":"2020-01-29T18:02:55+00:00","dateModified":"2025-09-10T13:50:32+00:00","breadcrumb":{"@id":"https:\/\/www.e-works.fr\/blog\/nantes\/#breadcrumb"},"inLanguage":"fr-FR","potentialAction":[{"@type":"ReadAction","target":["https:\/\/www.e-works.fr\/blog\/nantes\/"]}]},{"@type":"ImageObject","inLanguage":"fr-FR","@id":"https:\/\/www.e-works.fr\/blog\/nantes\/#primaryimage","url":"https:\/\/www.e-works.fr\/blog\/wp-content\/uploads\/2020\/01\/Nantes_Page_Emploi.jpg","contentUrl":"https:\/\/www.e-works.fr\/blog\/wp-content\/uploads\/2020\/01\/Nantes_Page_Emploi.jpg","width":1200,"height":600,"caption":"Nantes_Page_Emploi"},{"@type":"BreadcrumbList","@id":"https:\/\/www.e-works.fr\/blog\/nantes\/#breadcrumb","itemListElement":[{"@type":"ListItem","position":1,"name":"Accueil","item":"https:\/\/www.e-works.fr\/blog\/"},{"@type":"ListItem","position":2,"name":"Le digital &#038; e-commerce \u00e0 Nantes et en Pays de la Loire"}]},{"@type":"WebSite","@id":"https:\/\/www.e-works.fr\/blog\/#website","url":"https:\/\/www.e-works.fr\/blog\/","name":"Blog E-Works","description":"Emploi dans le Webmarketing et le e-Commerce","potentialAction":[{"@type":"SearchAction","target":{"@type":"EntryPoint","urlTemplate":"https:\/\/www.e-works.fr\/blog\/?s={search_term_string}"},"query-input":{"@type":"PropertyValueSpecification","valueRequired":true,"valueName":"search_term_string"}}],"inLanguage":"fr-FR"}]}},"_links":{"self":[{"href":"https:\/\/www.e-works.fr\/blog\/wp-json\/wp\/v2\/pages\/7233","targetHints":{"allow":["GET"]}}],"collection":[{"href":"https:\/\/www.e-works.fr\/blog\/wp-json\/wp\/v2\/pages"}],"about":[{"href":"https:\/\/www.e-works.fr\/blog\/wp-json\/wp\/v2\/types\/page"}],"author":[{"embeddable":true,"href":"https:\/\/www.e-works.fr\/blog\/wp-json\/wp\/v2\/users\/1"}],"replies":[{"embeddable":true,"href":"https:\/\/www.e-works.fr\/blog\/wp-json\/wp\/v2\/comments?post=7233"}],"version-history":[{"count":1,"href":"https:\/\/www.e-works.fr\/blog\/wp-json\/wp\/v2\/pages\/7233\/revisions"}],"predecessor-version":[{"id":13581,"href":"https:\/\/www.e-works.fr\/blog\/wp-json\/wp\/v2\/pages\/7233\/revisions\/13581"}],"wp:featuredmedia":[{"embeddable":true,"href":"https:\/\/www.e-works.fr\/blog\/wp-json\/wp\/v2\/media\/7235"}],"wp:attachment":[{"href":"https:\/\/www.e-works.fr\/blog\/wp-json\/wp\/v2\/media?parent=7233"}],"curies":[{"name":"wp","href":"https:\/\/api.w.org\/{rel}","templated":true}]}}